{"id":2674,"date":"2021-06-29T14:05:34","date_gmt":"2021-06-29T14:05:34","guid":{"rendered":"https:\/\/wgl-demo.net\/transmax\/?page_id=2674"},"modified":"2022-01-18T11:22:32","modified_gmt":"2022-01-18T11:22:32","slug":"blog","status":"publish","type":"page","link":"https:\/\/interlojistik.com.tr\/en\/blog","title":{"rendered":"Interlojistik Blog"},"content":{"rendered":"\t\t<div data-elementor-type=\"wp-page\" data-elementor-id=\"2674\" class=\"elementor elementor-2674\" data-elementor-settings=\"[]\">\n\t\t\t\t\t\t\t<div class=\"elementor-section-wrap\">\n\t\t\t\t\t\t\t<section class=\"elementor-section elementor-top-section elementor-element elementor-element-5fe2251 elementor-section-boxed elementor-section-height-default elementor-section-height-default\" data-id=\"5fe2251\" data-element_type=\"section\">\n\t\t\t\t\t\t<div class=\"elementor-container elementor-column-gap-default\">\n\t\t\t\t\t<div class=\"elementor-column elementor-col-100 elementor-top-column elementor-element elementor-element-973c12d\" data-id=\"973c12d\" data-element_type=\"column\">\n\t\t\t<div class=\"elementor-widget-wrap elementor-element-populated\">\n\t\t\t\t\t\t\t\t<div class=\"elementor-element elementor-element-0b29c32 nav-center elementor-widget elementor-widget-wgl-blog\" data-id=\"0b29c32\" data-element_type=\"widget\" data-settings=\"{&quot;blog_columns&quot;:&quot;4&quot;}\" data-widget_type=\"wgl-blog.default\">\n\t\t\t\t<div class=\"elementor-widget-container\">\n\t\t\t<section class=\"wgl_cpt_section\"><div class=\"blog-posts\"><div class=\"container-grid row blog_columns-3 grid blog-style-standard\">    <div class=\"item wgl_col-4\">\n    <div class=\"blog-post format-standard-image\">\n    <div class=\"blog-post_wrapper\"><div class=\"blog-post_media\"><div class=\"blog-post_media_part\"><a href=\"https:\/\/interlojistik.com.tr\/en\/pandemi-ve-lojistik\" class=\"media-link image-overlay\"><img decoding=\"async\" src=\"https:\/\/interlojistik.com.tr\/en\/wp-content\/uploads\/2022\/01\/rsz_1interlojistik_01-min-740x555.jpg\" alt=\"\"><\/a><\/div><\/div>    <div class=\"blog-post_content\"><span class=\"post_categories\"><span><a  style=\"color: #202020;\" href=\"https:\/\/interlojistik.com.tr\/en\/category\/uluslararasi\" >ULUSLARARASI TA\u015eIMA<\/a><\/span><\/span><div class=\"post_meta-wrap\"><div class=\"meta-data\"><span class=\"post_date\">\n                        February 28, 2022                        <\/span><\/div><\/div><h3 class=\"blog-post_title\"><a href=\"https:\/\/interlojistik.com.tr\/en\/pandemi-ve-lojistik\">Pandemi ve Lojistik<\/a><\/h3><div class=\"blog-post_text\">Pandemi ve Lojistik \u2013 \u0130LG Akademi \u00a0 \nCovid 19 Vir\u00fcs\u00fcn\u00fcn 2020 Y\u0131l\u0131n\u0131n ba\u015flar\u0131nda \u00c7in\u2019den ba\u015flay\u0131p t\u00fcm d\u00fcnyay\u0131 etkisi alt\u0131na almas\u0131 ile birlikte hasta oranlar\u0131, \u00f6l\u00fcmler \u00a0vs gibi etkenler t\u00fcm d\u00fcnyada...<\/div><div class=\"clear\"><\/div><div class=\"blog-post_footer\">            <div class=\"read-more-wrap\">\n                <a href=\"https:\/\/interlojistik.com.tr\/en\/pandemi-ve-lojistik\" class=\"button-read-more\">\n                <span>Devam\u0131n\u0131 Oku<\/span>\n                <\/a>\n            <\/div>    <\/div>\n    <\/div>\n    <\/div>\n    <\/div>\n    <\/div>    <div class=\"item wgl_col-4\">\n    <div class=\"blog-post format-standard-image\">\n    <div class=\"blog-post_wrapper\"><div class=\"blog-post_media\"><div class=\"blog-post_media_part\"><a href=\"https:\/\/interlojistik.com.tr\/en\/kars-uluslararasi-evden-eve-nakliyat\" class=\"media-link image-overlay\"><img decoding=\"async\" src=\"https:\/\/interlojistik.com.tr\/en\/wp-content\/uploads\/2021\/12\/lojistik1-740x555.jpg\" alt=\"\"><\/a><\/div><\/div>    <div class=\"blog-post_content\"><span class=\"post_categories\"><span><a  href=\"https:\/\/interlojistik.com.tr\/en\/category\/inter-lojistik\" >\u0130nter Lojistik<\/a><\/span><\/span><div class=\"post_meta-wrap\"><div class=\"meta-data\"><span class=\"post_date\">\n                        December 10, 2021                        <\/span><\/div><\/div><h3 class=\"blog-post_title\"><a href=\"https:\/\/interlojistik.com.tr\/en\/kars-uluslararasi-evden-eve-nakliyat\">Kars Uluslararas\u0131 Evden Eve Nakliyat<\/a><\/h3><div class=\"blog-post_text\">Bir \u00fclkeden ba\u015fka bir \u00fclkeye ta\u015f\u0131nma i\u015fi pek \u00e7ok insana zor bir s\u00fcre\u00e7 gibi gelmektedir. \u00c7\u00fcnk\u00fc birbirinden de\u011ferli e\u015fyalar\u0131 ba\u015fka bir \u00fclkeye g\u00f6t\u00fcrmek g\u00fc\u00e7t\u00fcr. Bunun i\u00e7in uluslararas\u0131 e\u015fya ta\u015f\u0131mac\u0131l\u0131\u011f\u0131...<\/div><div class=\"clear\"><\/div><div class=\"blog-post_footer\">            <div class=\"read-more-wrap\">\n                <a href=\"https:\/\/interlojistik.com.tr\/en\/kars-uluslararasi-evden-eve-nakliyat\" class=\"button-read-more\">\n                <span>Devam\u0131n\u0131 Oku<\/span>\n                <\/a>\n            <\/div>    <\/div>\n    <\/div>\n    <\/div>\n    <\/div>\n    <\/div>    <div class=\"item wgl_col-4\">\n    <div class=\"blog-post format-standard-image\">\n    <div class=\"blog-post_wrapper\"><div class=\"blog-post_media\"><div class=\"blog-post_media_part\"><a href=\"https:\/\/interlojistik.com.tr\/en\/isparta-uluslararasi-evden-eve-nakliyat\" class=\"media-link image-overlay\"><img decoding=\"async\" src=\"https:\/\/interlojistik.com.tr\/en\/wp-content\/uploads\/2021\/12\/lojistik1-740x555.jpg\" alt=\"\"><\/a><\/div><\/div>    <div class=\"blog-post_content\"><span class=\"post_categories\"><span><a  href=\"https:\/\/interlojistik.com.tr\/en\/category\/inter-lojistik\" >\u0130nter Lojistik<\/a><\/span><\/span><div class=\"post_meta-wrap\"><div class=\"meta-data\"><span class=\"post_date\">\n                        December 10, 2021                        <\/span><\/div><\/div><h3 class=\"blog-post_title\"><a href=\"https:\/\/interlojistik.com.tr\/en\/isparta-uluslararasi-evden-eve-nakliyat\">Isparta Uluslararas\u0131 Evden Eve Nakliyat<\/a><\/h3><div class=\"blog-post_text\">Bireyler birden fazla nedenden \u00f6t\u00fcr\u00fc ya\u015fad\u0131klar\u0131 \u00fclkeden ba\u015fka bir \u00fclkeye ta\u015f\u0131nmak zorunda kalabilir. Bahsi ge\u00e7en bu nedenler genel olarak evlenmek, yeni bir i\u015f kurmak veyahut da bulmak, yurt d\u0131\u015f\u0131nda...<\/div><div class=\"clear\"><\/div><div class=\"blog-post_footer\">            <div class=\"read-more-wrap\">\n                <a href=\"https:\/\/interlojistik.com.tr\/en\/isparta-uluslararasi-evden-eve-nakliyat\" class=\"button-read-more\">\n                <span>Devam\u0131n\u0131 Oku<\/span>\n                <\/a>\n            <\/div>    <\/div>\n    <\/div>\n    <\/div>\n    <\/div>\n    <\/div>    <div class=\"item wgl_col-4\">\n    <div class=\"blog-post format-standard-image\">\n    <div class=\"blog-post_wrapper\"><div class=\"blog-post_media\"><div class=\"blog-post_media_part\"><a href=\"https:\/\/interlojistik.com.tr\/en\/hatay-uluslararasi-evden-eve-nakliyat\" class=\"media-link image-overlay\"><img decoding=\"async\" src=\"https:\/\/interlojistik.com.tr\/en\/wp-content\/uploads\/2021\/12\/assa-740x555.png\" alt=\"\"><\/a><\/div><\/div>    <div class=\"blog-post_content\"><span class=\"post_categories\"><span><a  href=\"https:\/\/interlojistik.com.tr\/en\/category\/inter-lojistik\" >\u0130nter Lojistik<\/a><\/span><\/span><div class=\"post_meta-wrap\"><div class=\"meta-data\"><span class=\"post_date\">\n                        December 10, 2021                        <\/span><\/div><\/div><h3 class=\"blog-post_title\"><a href=\"https:\/\/interlojistik.com.tr\/en\/hatay-uluslararasi-evden-eve-nakliyat\">Hatay Uluslararas\u0131 Evden Eve Nakliyat<\/a><\/h3><div class=\"blog-post_text\">Herkes bir\u00e7ok nedenden dolay\u0131 ya\u015fad\u0131\u011f\u0131 yeri b\u0131rakmak, yani ba\u015fka bir \u00fclkeye ta\u015f\u0131nmak zorunda kalabilir. Bu durum \u00e7o\u011funlukla yeni bir i\u015f kurmak, yeni bir i\u015fe ba\u015flamak, \u00fcniversite e\u011fitimini tamamlamak...<\/div><div class=\"clear\"><\/div><div class=\"blog-post_footer\">            <div class=\"read-more-wrap\">\n                <a href=\"https:\/\/interlojistik.com.tr\/en\/hatay-uluslararasi-evden-eve-nakliyat\" class=\"button-read-more\">\n                <span>Devam\u0131n\u0131 Oku<\/span>\n                <\/a>\n            <\/div>    <\/div>\n    <\/div>\n    <\/div>\n    <\/div>\n    <\/div>    <div class=\"item wgl_col-4\">\n    <div class=\"blog-post format-standard-image\">\n    <div class=\"blog-post_wrapper\"><div class=\"blog-post_media\"><div class=\"blog-post_media_part\"><a href=\"https:\/\/interlojistik.com.tr\/en\/bingol-uluslararasi-evden-eve-nakliyat\" class=\"media-link image-overlay\"><img decoding=\"async\" src=\"https:\/\/interlojistik.com.tr\/en\/wp-content\/uploads\/2021\/12\/karayolu-tasimaciligi1-740x555.jpg\" alt=\"\"><\/a><\/div><\/div>    <div class=\"blog-post_content\"><span class=\"post_categories\"><span><a  href=\"https:\/\/interlojistik.com.tr\/en\/category\/inter-lojistik\" >\u0130nter Lojistik<\/a><\/span><\/span><div class=\"post_meta-wrap\"><div class=\"meta-data\"><span class=\"post_date\">\n                        December 10, 2021                        <\/span><\/div><\/div><h3 class=\"blog-post_title\"><a href=\"https:\/\/interlojistik.com.tr\/en\/bingol-uluslararasi-evden-eve-nakliyat\">Bing\u00f6l Uluslararas\u0131 Evden Eve Nakliyat<\/a><\/h3><div class=\"blog-post_text\">\u00dclkeden \u00fclkeye yer de\u011fi\u015ftirecekseniz ve ta\u015f\u0131nma ihtiyac\u0131n\u0131z var ise\u00a0Bing\u00f6l uluslararas\u0131 zati e\u015fya ta\u015f\u0131mac\u0131l\u0131\u011f\u0131\u00a0hizmeti almal\u0131s\u0131n\u0131z. Piyasada y\u00fczlerce nakliyat firmas\u0131 oldu\u011fu i\u00e7in de do\u011fru ve...<\/div><div class=\"clear\"><\/div><div class=\"blog-post_footer\">            <div class=\"read-more-wrap\">\n                <a href=\"https:\/\/interlojistik.com.tr\/en\/bingol-uluslararasi-evden-eve-nakliyat\" class=\"button-read-more\">\n                <span>Devam\u0131n\u0131 Oku<\/span>\n                <\/a>\n            <\/div>    <\/div>\n    <\/div>\n    <\/div>\n    <\/div>\n    <\/div>    <div class=\"item wgl_col-4\">\n    <div class=\"blog-post format-standard-image\">\n    <div class=\"blog-post_wrapper\"><div class=\"blog-post_media\"><div class=\"blog-post_media_part\"><a href=\"https:\/\/interlojistik.com.tr\/en\/mersin-uluslararasi-evden-eve-nakliyat\" class=\"media-link image-overlay\"><img decoding=\"async\" src=\"https:\/\/interlojistik.com.tr\/en\/wp-content\/uploads\/2021\/12\/lojistik1-740x555.jpg\" alt=\"\"><\/a><\/div><\/div>    <div class=\"blog-post_content\"><span class=\"post_categories\"><span><a  href=\"https:\/\/interlojistik.com.tr\/en\/category\/inter-lojistik\" >\u0130nter Lojistik<\/a><\/span><\/span><div class=\"post_meta-wrap\"><div class=\"meta-data\"><span class=\"post_date\">\n                        December 10, 2021                        <\/span><\/div><\/div><h3 class=\"blog-post_title\"><a href=\"https:\/\/interlojistik.com.tr\/en\/mersin-uluslararasi-evden-eve-nakliyat\">Mersin Uluslararas\u0131 Evden Eve Nakliyat<\/a><\/h3><div class=\"blog-post_text\">Ta\u015f\u0131nmak, insanlar\u0131n hayat\u0131nda kar\u015f\u0131la\u015ft\u0131\u011f\u0131 bir t\u00fcr eylemdir. \u0130nsanlar bazen keyfi bir \u015fekilde ta\u015f\u0131n\u0131rken bazen de mecburi durumlardan dolay\u0131 ta\u015f\u0131nmak zorunda kal\u0131yorlar. Bu durumlar aras\u0131nda...<\/div><div class=\"clear\"><\/div><div class=\"blog-post_footer\">            <div class=\"read-more-wrap\">\n                <a href=\"https:\/\/interlojistik.com.tr\/en\/mersin-uluslararasi-evden-eve-nakliyat\" class=\"button-read-more\">\n                <span>Devam\u0131n\u0131 Oku<\/span>\n                <\/a>\n            <\/div>    <\/div>\n    <\/div>\n    <\/div>\n    <\/div>\n    <\/div>    <div class=\"item wgl_col-4\">\n    <div class=\"blog-post format-standard-image\">\n    <div class=\"blog-post_wrapper\"><div class=\"blog-post_media\"><div class=\"blog-post_media_part\"><a href=\"https:\/\/interlojistik.com.tr\/en\/istanbul-uluslararasi-evden-eve-nakliyat\" class=\"media-link image-overlay\"><img decoding=\"async\" src=\"https:\/\/interlojistik.com.tr\/en\/wp-content\/uploads\/2021\/12\/assa-740x555.png\" alt=\"\"><\/a><\/div><\/div>    <div class=\"blog-post_content\"><span class=\"post_categories\"><span><a  href=\"https:\/\/interlojistik.com.tr\/en\/category\/inter-lojistik\" >\u0130nter Lojistik<\/a><\/span><\/span><div class=\"post_meta-wrap\"><div class=\"meta-data\"><span class=\"post_date\">\n                        December 10, 2021                        <\/span><\/div><\/div><h3 class=\"blog-post_title\"><a href=\"https:\/\/interlojistik.com.tr\/en\/istanbul-uluslararasi-evden-eve-nakliyat\">\u0130stanbul Uluslararas\u0131 Evden Eve Nakliyat<\/a><\/h3><div class=\"blog-post_text\">Uluslararas\u0131 ta\u015f\u0131nma i\u015flemleri, yorucu ve stres dolu bir s\u00fcre\u00e7tir. \u0130nsanlar \u00e7e\u015fitli sebeplerden dolay\u0131 \u00fclke de\u011fi\u015ftirmek zorunda kal\u0131rlar. Haliyle de g\u00fcvenilir bir uluslararas\u0131 evden eve ta\u015f\u0131mac\u0131l\u0131k...<\/div><div class=\"clear\"><\/div><div class=\"blog-post_footer\">            <div class=\"read-more-wrap\">\n                <a href=\"https:\/\/interlojistik.com.tr\/en\/istanbul-uluslararasi-evden-eve-nakliyat\" class=\"button-read-more\">\n                <span>Devam\u0131n\u0131 Oku<\/span>\n                <\/a>\n            <\/div>    <\/div>\n    <\/div>\n    <\/div>\n    <\/div>\n    <\/div>    <div class=\"item wgl_col-4\">\n    <div class=\"blog-post format-standard-image\">\n    <div class=\"blog-post_wrapper\"><div class=\"blog-post_media\"><div class=\"blog-post_media_part\"><a href=\"https:\/\/interlojistik.com.tr\/en\/hakkari-uluslararasi-evden-eve-nakliyat\" class=\"media-link image-overlay\"><img decoding=\"async\" src=\"https:\/\/interlojistik.com.tr\/en\/wp-content\/uploads\/2021\/12\/Turkiye-Almanya-Mobilya-Tasimacilik-Hizmeti1-740x555.jpg\" alt=\"\"><\/a><\/div><\/div>    <div class=\"blog-post_content\"><span class=\"post_categories\"><span><a  href=\"https:\/\/interlojistik.com.tr\/en\/category\/inter-lojistik\" >\u0130nter Lojistik<\/a><\/span><\/span><div class=\"post_meta-wrap\"><div class=\"meta-data\"><span class=\"post_date\">\n                        December 10, 2021                        <\/span><\/div><\/div><h3 class=\"blog-post_title\"><a href=\"https:\/\/interlojistik.com.tr\/en\/hakkari-uluslararasi-evden-eve-nakliyat\">Hakkari Uluslararas\u0131 Evden Eve Nakliyat<\/a><\/h3><div class=\"blog-post_text\">Bir \u00fclkeden ba\u015fka bir \u00fclkeye ta\u015f\u0131nmak hem yorucu hem de stres dolu bir i\u015ftir. Buna ra\u011fmen insanlar \u00e7e\u015fitli sebeplerden dolay\u0131 \u00fclkesini de\u011fi\u015ftirmek isterler. Yeni bir \u00fclke; kaliteli bir e\u011fitim, geliri...<\/div><div class=\"clear\"><\/div><div class=\"blog-post_footer\">            <div class=\"read-more-wrap\">\n                <a href=\"https:\/\/interlojistik.com.tr\/en\/hakkari-uluslararasi-evden-eve-nakliyat\" class=\"button-read-more\">\n                <span>Devam\u0131n\u0131 Oku<\/span>\n                <\/a>\n            <\/div>    <\/div>\n    <\/div>\n    <\/div>\n    <\/div>\n    <\/div>    <div class=\"item wgl_col-4\">\n    <div class=\"blog-post format-standard-image\">\n    <div class=\"blog-post_wrapper\"><div class=\"blog-post_media\"><div class=\"blog-post_media_part\"><a href=\"https:\/\/interlojistik.com.tr\/en\/gumushane-uluslararasi-evden-eve-nakliyat\" class=\"media-link image-overlay\"><img decoding=\"async\" src=\"https:\/\/interlojistik.com.tr\/en\/wp-content\/uploads\/2021\/12\/karayolu-tasimaciligi1-740x555.jpg\" alt=\"\"><\/a><\/div><\/div>    <div class=\"blog-post_content\"><span class=\"post_categories\"><span><a  href=\"https:\/\/interlojistik.com.tr\/en\/category\/inter-lojistik\" >\u0130nter Lojistik<\/a><\/span><\/span><div class=\"post_meta-wrap\"><div class=\"meta-data\"><span class=\"post_date\">\n                        December 10, 2021                        <\/span><\/div><\/div><h3 class=\"blog-post_title\"><a href=\"https:\/\/interlojistik.com.tr\/en\/gumushane-uluslararasi-evden-eve-nakliyat\">G\u00fcm\u00fc\u015fhane Uluslararas\u0131 Evden Eve Nakliyat<\/a><\/h3><div class=\"blog-post_text\">\u0130nsanlar bir\u00e7ok farkl\u0131 sebepten dolay\u0131 ya\u015fad\u0131klar\u0131 \u00fclkeyi de\u011fi\u015ftirmek zorunda kal\u0131rlar. Daha iyi bir i\u015f bulmak, evlilik yapmak, kaliteli bir e\u011fitim ve diplomatik g\u00f6revler bu sebeplerden baz\u0131lar\u0131d\u0131r....<\/div><div class=\"clear\"><\/div><div class=\"blog-post_footer\">            <div class=\"read-more-wrap\">\n                <a href=\"https:\/\/interlojistik.com.tr\/en\/gumushane-uluslararasi-evden-eve-nakliyat\" class=\"button-read-more\">\n                <span>Devam\u0131n\u0131 Oku<\/span>\n                <\/a>\n            <\/div>    <\/div>\n    <\/div>\n    <\/div>\n    <\/div>\n    <\/div>    <div class=\"item wgl_col-4\">\n    <div class=\"blog-post format-standard-image\">\n    <div class=\"blog-post_wrapper\"><div class=\"blog-post_media\"><div class=\"blog-post_media_part\"><a href=\"https:\/\/interlojistik.com.tr\/en\/giresun-uluslararasi-evden-eve-nakliyat\" class=\"media-link image-overlay\"><img decoding=\"async\" src=\"https:\/\/interlojistik.com.tr\/en\/wp-content\/uploads\/2021\/12\/lojistik1-740x555.jpg\" alt=\"\"><\/a><\/div><\/div>    <div class=\"blog-post_content\"><span class=\"post_categories\"><span><a  href=\"https:\/\/interlojistik.com.tr\/en\/category\/inter-lojistik\" >\u0130nter Lojistik<\/a><\/span><\/span><div class=\"post_meta-wrap\"><div class=\"meta-data\"><span class=\"post_date\">\n                        December 10, 2021                        <\/span><\/div><\/div><h3 class=\"blog-post_title\"><a href=\"https:\/\/interlojistik.com.tr\/en\/giresun-uluslararasi-evden-eve-nakliyat\">Giresun Uluslararas\u0131 Evden Eve Nakliyat<\/a><\/h3><div class=\"blog-post_text\">D\u00fcnya genelinde herkes baz\u0131 durumlar dolay\u0131s\u0131 ile ya\u015fad\u0131\u011f\u0131 yeri b\u0131rakmak durumunda kalabilir. Buna genel olarak ta\u015f\u0131nmak denir. Yeni bir i\u015f bulmu\u015f olmak, \u00fcniversite e\u011fitimini yurt d\u0131\u015f\u0131nda s\u00fcrd\u00fcrmek...<\/div><div class=\"clear\"><\/div><div class=\"blog-post_footer\">            <div class=\"read-more-wrap\">\n                <a href=\"https:\/\/interlojistik.com.tr\/en\/giresun-uluslararasi-evden-eve-nakliyat\" class=\"button-read-more\">\n                <span>Devam\u0131n\u0131 Oku<\/span>\n                <\/a>\n            <\/div>    <\/div>\n    <\/div>\n    <\/div>\n    <\/div>\n    <\/div>    <div class=\"item wgl_col-4\">\n    <div class=\"blog-post format-standard-image\">\n    <div class=\"blog-post_wrapper\"><div class=\"blog-post_media\"><div class=\"blog-post_media_part\"><a href=\"https:\/\/interlojistik.com.tr\/en\/erzincan-uluslararasi-evden-eve-nakliyat\" class=\"media-link image-overlay\"><img decoding=\"async\" src=\"https:\/\/interlojistik.com.tr\/en\/wp-content\/uploads\/2021\/12\/assa-740x555.png\" alt=\"\"><\/a><\/div><\/div>    <div class=\"blog-post_content\"><span class=\"post_categories\"><span><a  href=\"https:\/\/interlojistik.com.tr\/en\/category\/inter-lojistik\" >\u0130nter Lojistik<\/a><\/span><\/span><div class=\"post_meta-wrap\"><div class=\"meta-data\"><span class=\"post_date\">\n                        December 10, 2021                        <\/span><\/div><\/div><h3 class=\"blog-post_title\"><a href=\"https:\/\/interlojistik.com.tr\/en\/erzincan-uluslararasi-evden-eve-nakliyat\">Erzincan Uluslararas\u0131 Evden Eve Nakliyat<\/a><\/h3><div class=\"blog-post_text\">Uluslararas\u0131 ta\u015f\u0131nma i\u015flemi olduk\u00e7a me\u015fakkatli bir s\u00fcre\u00e7tir. \u0130nsanlar farkl\u0131 sebeplerden dolay\u0131 ya\u015fad\u0131klar\u0131 \u00fclkeyi de\u011fi\u015ftirmek durumunda kal\u0131rlar. Daha iyi bir e\u011fitim almak, fazla gelir getiren i\u015fe...<\/div><div class=\"clear\"><\/div><div class=\"blog-post_footer\">            <div class=\"read-more-wrap\">\n                <a href=\"https:\/\/interlojistik.com.tr\/en\/erzincan-uluslararasi-evden-eve-nakliyat\" class=\"button-read-more\">\n                <span>Devam\u0131n\u0131 Oku<\/span>\n                <\/a>\n            <\/div>    <\/div>\n    <\/div>\n    <\/div>\n    <\/div>\n    <\/div>    <div class=\"item wgl_col-4\">\n    <div class=\"blog-post format-standard-image\">\n    <div class=\"blog-post_wrapper\"><div class=\"blog-post_media\"><div class=\"blog-post_media_part\"><a href=\"https:\/\/interlojistik.com.tr\/en\/elazig-uluslararasi-evden-eve-nakliyat\" class=\"media-link image-overlay\"><img decoding=\"async\" src=\"https:\/\/interlojistik.com.tr\/en\/wp-content\/uploads\/2021\/12\/assa-740x555.png\" alt=\"\"><\/a><\/div><\/div>    <div class=\"blog-post_content\"><span class=\"post_categories\"><span><a  href=\"https:\/\/interlojistik.com.tr\/en\/category\/inter-lojistik\" >\u0130nter Lojistik<\/a><\/span><\/span><div class=\"post_meta-wrap\"><div class=\"meta-data\"><span class=\"post_date\">\n                        December 10, 2021                        <\/span><\/div><\/div><h3 class=\"blog-post_title\"><a href=\"https:\/\/interlojistik.com.tr\/en\/elazig-uluslararasi-evden-eve-nakliyat\">Elaz\u0131\u011f Uluslararas\u0131 Evden Eve Nakliyat<\/a><\/h3><div class=\"blog-post_text\">Uluslararas\u0131 ta\u015f\u0131nma, insanlar\u0131n hayatlar\u0131nda kar\u015f\u0131la\u015ft\u0131\u011f\u0131 stresli bir s\u00fcre\u00e7tir. \u0130nsanlar \u00e7e\u015fitli sebeplerden dolay\u0131 \u00fclke de\u011fi\u015ftirmek zorunda kal\u0131rlar. Bu sebeplerden baz\u0131lar\u0131; iyi bir e\u011fitim, y\u00fcksek...<\/div><div class=\"clear\"><\/div><div class=\"blog-post_footer\">            <div class=\"read-more-wrap\">\n                <a href=\"https:\/\/interlojistik.com.tr\/en\/elazig-uluslararasi-evden-eve-nakliyat\" class=\"button-read-more\">\n                <span>Devam\u0131n\u0131 Oku<\/span>\n                <\/a>\n            <\/div>    <\/div>\n    <\/div>\n    <\/div>\n    <\/div>\n    <\/div><\/div><\/div><ul class=\"wgl-pagination\"><li class='page'><span aria-current=\"page\" class=\"page-numbers current\">1<\/span><\/li><li class='page'><a class=\"page-numbers\" href=\"https:\/\/interlojistik.com.tr\/en\/wp-json\/wp\/v2\/pages\/2674\/page\/2\">2<\/a><\/li><li class='page'><a class=\"page-numbers\" href=\"https:\/\/interlojistik.com.tr\/en\/wp-json\/wp\/v2\/pages\/2674\/page\/3\">3<\/a><\/li><li class='page'><span class=\"page-numbers dots\">&hellip;<\/span><\/li><li class='page'><a class=\"page-numbers\" href=\"https:\/\/interlojistik.com.tr\/en\/wp-json\/wp\/v2\/pages\/2674\/page\/11\">11<\/a><\/li><li class='page'><a class=\"next page-numbers\" href=\"https:\/\/interlojistik.com.tr\/en\/wp-json\/wp\/v2\/pages\/2674\/page\/2\"><i class=\"wgl_pagination_next\"><\/i><\/a><\/li><\/ul><\/section>\t\t<\/div>\n\t\t\t\t<\/div>\n\t\t\t\t\t<\/div>\n\t\t<\/div>\n\t\t\t\t\t\t\t<\/div>\n\t\t<\/section>\n\t\t\t\t\t\t<\/div>\n\t\t\t\t\t<\/div>\n\t\t","protected":false},"excerpt":{"rendered":"<p>\u0130nter Lojistik Aral\u0131k 10, 2021 Kars Uluslararas\u0131 Evden Eve Nakliyat Bir \u00fclkeden ba\u015fka bir \u00fclkeye ta\u015f\u0131nma i\u015fi pek \u00e7ok insana zor bir s\u00fcre\u00e7 gibi gelmektedir. \u00c7\u00fcnk\u00fc birbirinden de\u011ferli e\u015fyalar\u0131 ba\u015fka bir \u00fclkeye g\u00f6t\u00fcrmek g\u00fc\u00e7t\u00fcr. Bunun i\u00e7in uluslararas\u0131 e\u015fya ta\u015f\u0131mac\u0131l\u0131\u011f\u0131&#8230; Devam\u0131n\u0131 Oku \u0130nter Lojistik Aral\u0131k 10, 2021 Isparta Uluslararas\u0131 Evden Eve Nakliyat Bireyler birden fazla nedenden [&hellip;]<\/p>\n","protected":false},"author":1,"featured_media":0,"parent":0,"menu_order":0,"comment_status":"closed","ping_status":"closed","template":"","meta":{"footnotes":""},"class_list":["post-2674","page","type-page","status-publish","hentry"],"_links":{"self":[{"href":"https:\/\/interlojistik.com.tr\/en\/wp-json\/wp\/v2\/pages\/2674","targetHints":{"allow":["GET"]}}],"collection":[{"href":"https:\/\/interlojistik.com.tr\/en\/wp-json\/wp\/v2\/pages"}],"about":[{"href":"https:\/\/interlojistik.com.tr\/en\/wp-json\/wp\/v2\/types\/page"}],"author":[{"embeddable":true,"href":"https:\/\/interlojistik.com.tr\/en\/wp-json\/wp\/v2\/users\/1"}],"replies":[{"embeddable":true,"href":"https:\/\/interlojistik.com.tr\/en\/wp-json\/wp\/v2\/comments?post=2674"}],"version-history":[{"count":6,"href":"https:\/\/interlojistik.com.tr\/en\/wp-json\/wp\/v2\/pages\/2674\/revisions"}],"predecessor-version":[{"id":6258,"href":"https:\/\/interlojistik.com.tr\/en\/wp-json\/wp\/v2\/pages\/2674\/revisions\/6258"}],"wp:attachment":[{"href":"https:\/\/interlojistik.com.tr\/en\/wp-json\/wp\/v2\/media?parent=2674"}],"curies":[{"name":"wp","href":"https:\/\/api.w.org\/{rel}","templated":true}]}}