{"id":6263,"date":"2022-01-21T17:30:52","date_gmt":"2022-01-21T17:30:52","guid":{"rendered":"https:\/\/interlojistik.com.tr\/en\/?page_id=6263"},"modified":"2022-01-21T17:30:52","modified_gmt":"2022-01-21T17:30:52","slug":"kullanim-kosullari","status":"publish","type":"page","link":"https:\/\/interlojistik.com.tr\/en\/kullanim-kosullari","title":{"rendered":"Kullan\u0131m Ko\u015fullar\u0131"},"content":{"rendered":"<h3>Ge\u00e7erlilik alan\u0131 ve hizmet kapsam\u0131<\/h3>\n<div class=\"richtext-cont headline-text\">(1) \u0130\u015fbu kullan\u0131m \u015fartlar\u0131n\u0131n konusu, \u0130nter Lojistik Internationale Transportorganisation AG ve ba\u011fl\u0131 i\u015ftirak \u015firketleri (bundan sonra &#8220;\u0130nter Lojistik&#8221; olarak an\u0131lacak) taraf\u0131ndan sunulan web siteleri (bundan sonra &#8220;Web sitesi&#8221; olarak an\u0131lacak) kullan\u0131m\u0131n\u0131 kapsar.<\/p>\n<p>(2) Bu sayfa web sitesi genel kullan\u0131m \u015fartlar\u0131n\u0131 i\u00e7erir. Sayfan\u0131n a\u00e7\u0131lmas\u0131 veya kullan\u0131m\u0131 (bundan sonra \u201ckullan\u0131m\u201d olarak an\u0131lacak) ile t\u00fcm kullan\u0131c\u0131 ve ziyaret\u00e7iler (bundan sonra \u201ckullan\u0131c\u0131\u201d olarak an\u0131lacak) genel kullan\u0131m \u015fartlar\u0131n\u0131n ge\u00e7erlili\u011fini kabul etmi\u015f say\u0131l\u0131r. \u0130nter Lojistik, kullan\u0131m \u015fartlar\u0131nda her zaman iste\u011fi do\u011frultusunda de\u011fi\u015fiklik yapma hakk\u0131n\u0131 sakl\u0131 tutar.<\/p>\n<p>(3) Kay\u0131tl\u0131 kullan\u0131c\u0131lar i\u00e7in alternatif:<span><strong><br \/>\n<\/strong><\/span>\u201cKabul ediyorum\u201d ve \u201cG\u00f6nder\u201d tu\u015flar\u0131na t\u0131kland\u0131\u011f\u0131nda kullan\u0131c\u0131, web sitesinin kullan\u0131m \u015fartlar\u0131n\u0131 ba\u011flay\u0131c\u0131 olarak kabul etmi\u015f say\u0131l\u0131r. \u0130nter Lojistik, kullan\u0131m \u015fartlar\u0131nda de\u011fi\u015fiklik yapma hakk\u0131n\u0131 sakl\u0131 tutar. \u0130nter Lojistik&#8217;un hizmetlerinden faydalanabilmek i\u00e7in kullan\u0131c\u0131lar de\u011fi\u015fiklik yap\u0131lm\u0131\u015f olan kullan\u0131m \u015fartlar\u0131n\u0131 yukar\u0131da a\u00e7\u0131kland\u0131\u011f\u0131 \u015fekilde \u201cKabul ediyorum\u201d ve \u201cG\u00f6nder\u201d tu\u015flar\u0131n\u0131 tekrar t\u0131klayarak kabul etmek zorundad\u0131r.<\/p>\n<p>(4) \u0130nter Lojistik, web sitesinde m\u00fc\u015fteri, nakliye ortaklar\u0131 ve ba\u015fvuranlar i\u00e7in sekt\u00f6r ve \u015firket ile ilgili bilgiler sunar. Baz\u0131 hizmetler (\u00f6rn. LOADS\u00a0TODAY, CONNECT m\u00fc\u015fteri portal\u0131) sadece kay\u0131tl\u0131 kullan\u0131c\u0131lar\u0131n eri\u015fimine a\u00e7\u0131kt\u0131r.<\/p>\n<p>(5) \u0130nter Lojistik, web sitesini k\u0131smen veya tamamen kapatma ve i\u00e7eri\u011fini veya sunulan servisleri de\u011fi\u015ftirme hakk\u0131n\u0131 sakl\u0131 tutar. \u0130nter Lojistik web sitesinin kesintisiz eri\u015fimi ile ilgili olarak \u0130nter Lojistik sorumluluk kabul etmez. \u0130nter Lojistik&#8217;un web sitesinin kullan\u0131m\u0131 ve idamesi ile ilgili hak talep edilemez.<\/p><\/div>\n<h3>Koruma haklar\u0131\/Fikri m\u00fclkiyet<\/h3>\n<div class=\"richtext-cont headline-text\">(1) Web sitesinin t\u00fcm i\u00e7eri\u011fi (\u00e7izimler, metinler, ifadeler, markalar, resimler, videolar, grafikler) \u0130nter Lojistik&#8217;un ve s\u00f6zle\u015fme ortaklar\u0131n\u0131n fikri m\u00fclkiyetidir. \u0130nter Lojistik&#8217;un web sitesinin kullan\u0131m\u0131 sayesinde web sitesinde bulunan lisans ve kullan\u0131m haklar\u0131 (\u00f6rn. ticari koruma haklar\u0131, telif haklar\u0131 ve ilgili haklar gibi) kullan\u0131c\u0131ya ge\u00e7mez. \u0130nter Lojistik web sitesinde bulunan marka, dizayn, resim, metin, metin b\u00f6l\u00fcmleri ve di\u011fer i\u00e7erikler \u0130nter Lojistik&#8217;un onay\u0131 olmadan de\u011fi\u015ftirilemez, kopyalanamaz, \u00e7o\u011falt\u0131lamaz ve di\u011fer t\u00fcrlerde kullan\u0131lamaz. A\u00e7\u0131k\u00e7a kullan\u0131m i\u00e7in sunulan malzemelerin \u00e7o\u011falt\u0131lmas\u0131, de\u011ferlendirilmesi veya kullan\u0131lmas\u0131 istisna te\u015fkil eder.<\/div>\n<h3>Sorumluluk<\/h3>\n<div class=\"richtext-cont headline-text\">(1) Kullan\u0131c\u0131lar\u0131n, \u0130nter Lojistik&#8217;un web sitesinin kullan\u0131m\u0131ndan dolay\u0131 meydana gelebilecek zararlarda \u0130nter Lojistik sadece kas\u0131t veya a\u011f\u0131r ihmal olmas\u0131 durumunda sorumlu tutulabilir.<\/p>\n<p>(2) S\u00f6zle\u015fme veya tazminat hakk\u0131 dolay\u0131s\u0131yla olu\u015fmu\u015f olmas\u0131na bak\u0131lmaks\u0131z\u0131n, a\u015fa\u011f\u0131daki kategorilerde bulunan her t\u00fcrl\u00fc do\u011frudan veya dolayl\u0131 veya art\u00e7\u0131 zarar ve kay\u0131plardan \u0130nter Lojistik sorumlu tutulamaz::<\/p>\n<p>(i) Ger\u00e7ekle\u015fmeyen sat\u0131\u015f gelirleri ve sair zararlar<br \/>\n(ii) Tesad\u00fcf\u00fc kay\u0131plar ve ger\u00e7ekle\u015fmeyen sat\u0131\u015f gelirleri<br \/>\n(iii) Ka\u00e7an ticari i\u015f f\u0131rsatlar\u0131<br \/>\n(iv) \u0130yi niyet ve veri kayb\u0131<\/p>\n<p>(3) \u0130nter Lojistik&#8217;un web sitesinde sunulan t\u00fcm bilgilerin sunuldu\u011fu anda tam ve do\u011fru olmas\u0131 i\u00e7in \u0130nter Lojistik her t\u00fcrl\u00fc gayreti g\u00f6stermektedir. Web sitesi \u00fczerinde verilen bilgiler, indirilebilir dosyalar, \u00fc\u00e7\u00fcnc\u00fc ki\u015filerin sundu\u011fu hizmetler, harici ba\u011flant\u0131lar, do\u011frudan veya dolayl\u0131 olarak \u0130nter Lojistik&#8217;un web sitesinde g\u00f6r\u00fcnt\u00fclenen bilgiler hakk\u0131nda \u0130nter Lojistik hi\u00e7bir taahh\u00fctte bulunmaz ve hi\u00e7bir garanti ve g\u00fcvence kabul etmez. \u0130nter Lojistik ayr\u0131ca sunulan bilgilerin \u00f6nceden haber verilmeksizin de\u011fi\u015ftirilmesi veya tamamlanmas\u0131 hakk\u0131n\u0131 sakl\u0131 tutar.<\/p>\n<p>(4) \u0130nter Lojistik, kullan\u0131c\u0131 hesab\u0131n\u0131n kullan\u0131c\u0131 taraf\u0131ndan yanl\u0131\u015f veya k\u00f6t\u00fcye kullan\u0131m\u0131ndan, tan\u0131mlay\u0131c\u0131 bilgilerin k\u00f6t\u00fcye kullan\u0131m\u0131 veya zayiinden olu\u015fan zararlardan sorumlu tutulamaz.<\/p><\/div>\n<h3>Eri\u015febilirlik<\/h3>\n<div class=\"richtext-cont headline-text\">(1) \u0130nter Lojistik, mevcut teknik, ticari, i\u015fletme ve kurumsal imkanlar do\u011frultusunda web sitesini d\u00fczenli olarak i\u015fletme ve eri\u015febilirli\u011fini sa\u011flama konusunda \u00e7aba g\u00f6sterir.<\/p>\n<p>(2) \u0130nter Lojistik, \u0130nter Lojistik web sitesi ve i\u00e7eri\u011finin kesintisiz olarak sunulmas\u0131, hatas\u0131z olmas\u0131 ve hatalardan ar\u0131nd\u0131r\u0131lmas\u0131 ve yard\u0131mc\u0131 ekipmanlar\u0131n\u0131n (\u00f6rn. sunucu) vir\u00fcs ve di\u011fer zararl\u0131 bile\u015fenlerden ar\u0131nd\u0131r\u0131lm\u0131\u015f olmas\u0131 hususunda hi\u00e7bir sorumluluk ve garanti kabul etmez. Yasal h\u00fck\u00fcmlerin izin verdi\u011fi s\u00fcrece \u0130nter Lojistik, web sitesinin sunulmas\u0131ndan do\u011fan her t\u00fcrl\u00fc zararlar\u0131n sorumlulu\u011funu reddeder.<\/p>\n<p>(3) Teknik veya di\u011fer sebeplerden dolay\u0131 eri\u015fimin olmad\u0131\u011f\u0131 s\u00fcreler i\u00e7in \u0130nter Lojistik hi\u00e7bir sorumluluk kabul etmez.<\/p><\/div>\n<h3>Harici ba\u011flant\u0131lar<\/h3>\n<div class=\"richtext-cont headline-text\">\u0130nter Lojistik&#8217;un web sitesinde \u00fc\u00e7\u00fcnc\u00fc ki\u015filere ait di\u011fer web sitelerine y\u00f6nlendiren harici ba\u011flant\u0131lar bulunmaktad\u0131r. Harici y\u00f6nlendirilen web sitelerinin ula\u015f\u0131labilirli\u011fi, kalitesi ve i\u00e7eri\u011fi hakk\u0131nda \u0130nter Lojistik&#8217;un etkisi bulunmaz ve i\u00e7eriklerin ge\u00e7erli mevzuata ayk\u0131r\u0131l\u0131\u011f\u0131 veya kullan\u0131c\u0131larda ba\u015fka bir \u015fekilde zarar a\u00e7malar\u0131 konusunda \u0130nter Lojistik hi\u00e7bir sorumluluk kabul etmez.<\/div>\n<h3>G\u00fcvenli sayfalar<\/h3>\n<div class=\"richtext-cont headline-text\">Web sitesi k\u0131smen SwissSign&#8217;in SSL sertifikalar\u0131n\u0131 i\u00e7ermektedir. SwissSign&#8217;in SSL sertifikalar\u0131, web sunucusuna kullan\u0131c\u0131 verilerinin aktar\u0131lmas\u0131 esnas\u0131nda etkili bir kodlaman\u0131n yan\u0131nda sunucunun (\u0130nter Lojistik) kimli\u011fini ve \u015fifre \u00e7al\u0131nmas\u0131na kar\u015f\u0131 koruma i\u00e7in web sitesinin ger\u00e7ekli\u011finin ge\u00e7erli yetkilendirilmesini i\u00e7ermektedir.Kullan\u0131c\u0131, SwissSign Gold CP\/CPS (repository.swisssign.com) ve SwissSign Gold End User Agreements (repository.swisssign.com) genel kurallar\u0131n\u0131 tan\u0131d\u0131\u011f\u0131n\u0131, bunlar\u0131 okudu\u011funu, kabul etti\u011fini ve bunlara uyaca\u011f\u0131n\u0131 beyan eder. \u0130nter Lojistik, SSL sertifikalar\u0131n\u0131n kullan\u0131m\u0131 kapsam\u0131nda kullan\u0131c\u0131 kar\u015f\u0131s\u0131nda hi\u00e7bir sorumluluk kabul etmez.<\/p>\n<\/div>\n<h3>\u015eifreler ve kullan\u0131c\u0131 hesaplar\u0131<\/h3>\n<div class=\"richtext-cont headline-text\">(1) Baz\u0131 hizmetler (\u00f6rn. LOADS\u00a0TODAY, CONNECT m\u00fc\u015fteri portal\u0131) sadece kay\u0131tl\u0131 kullan\u0131c\u0131lar\u0131n eri\u015fimine a\u00e7\u0131kt\u0131r. Kay\u0131t ve kontrol i\u015flemi sonras\u0131nda kullan\u0131c\u0131ya \u0130nter Lojistik taraf\u0131ndan kullan\u0131c\u0131 hesab\u0131na ula\u015fmas\u0131 i\u00e7in bir \u015fifre g\u00f6nderilir.<\/p>\n<p>(2) \u015eifrenin ve di\u011fer bilgilerin gizli tutulmas\u0131 ve de kullan\u0131c\u0131 hesab\u0131n\u0131 ilgilendiren di\u011fer t\u00fcm aktivitelerden kullan\u0131c\u0131 sorumludur. Kullan\u0131c\u0131 hesab\u0131n\u0131n onaylanmam\u0131\u015f kullan\u0131mlar\u0131 ve di\u011fer g\u00fcvenlik ihlalleri \u0130nter Lojistik&#8217;a derhal bildirilmelidir. Kullan\u0131c\u0131 hesab\u0131na kaydolma ve herhangi bir aboneli\u011fin etkinle\u015ftirilmesi kullan\u0131c\u0131n\u0131n partner numaras\u0131na ba\u011fl\u0131d\u0131r. Kullan\u0131c\u0131n\u0131n partner numaras\u0131n\u0131 ve \u015fifreyi di\u011fer ki\u015filerle payla\u015fma veya onlar\u0131n kullan\u0131m\u0131na tahsis etme hakk\u0131 yoktur. Kullan\u0131c\u0131 taraf\u0131ndan partner numaras\u0131 veya \u015fifrenin ba\u015fka ki\u015filerle payla\u015f\u0131lmas\u0131 kullan\u0131c\u0131 hesab\u0131n\u0131n silinmesi veya aboneli\u011fin iptaline yol a\u00e7abilir.<\/p>\n<p>(3) Kullan\u0131c\u0131n\u0131n kullan\u0131c\u0131 hesab\u0131 sebebiyle edindi\u011fi i\u00e7erik ve bilgiler \u00fc\u00e7\u00fcnc\u00fc ki\u015filerle payla\u015f\u0131lamaz.<\/p>\n<p>(4) \u0130nter Lojistik&#8217;un kay\u0131t ve abonelik i\u015flemlerini onaylama veya herhangi bir sebep g\u00f6stermeden reddetme hakk\u0131 sakl\u0131d\u0131r. \u0130nter Lojistik ayr\u0131ca kullan\u0131c\u0131 hesaplar\u0131n\u0131 ve abonelikleri sebep g\u00f6stermeksizin dondurabilir.<\/p><\/div>\n<h3>Zararl\u0131 malzeme y\u00fcklemesi<\/h3>\n<div class=\"richtext-cont headline-text\">\u0130nter Lojistik, vir\u00fcs, manip\u00fclasyonlu dosya, \u201cgizli\u201d dosya (\u00f6rn. ses dosyas\u0131 i\u00e7ine yerle\u015ftirilmi\u015f resimler), worms, trojan at\u0131, bots gibi web sitesinin fonksiyonlar\u0131n\u0131 etkileyen veya online ileti\u015fimi genel olarak bozan, zararl\u0131 ve kesintiye u\u011fratan bilgisayar programlar\u0131, dosyalar ve benzeri malzemelerin y\u00fcklenmesini genel olarak yasaklar.<\/div>\n<h3>Elektronik sald\u0131r\u0131lar<\/h3>\n<div class=\"richtext-cont headline-text\">\n<p>(1) \u0130nter Lojistik&#8217;un web sitesinde, \u0130nter Lojistik verileri ile ba\u011flant\u0131l\u0131 olan verilere veya kullan\u0131c\u0131 verilerine kar\u015f\u0131 elektronik sald\u0131r\u0131lar yasakt\u0131r.<\/p>\n<p>(2) Kullan\u0131c\u0131 taraf\u0131ndan yap\u0131lan her t\u00fcrl\u00fc elektronik sald\u0131r\u0131 kullan\u0131c\u0131 haklar\u0131n\u0131n derhal iptal edilmesine ve sivil ve ceza hukuku uyar\u0131nca takip edilmesine yol a\u00e7ar.<\/p>\n<\/div>\n","protected":false},"excerpt":{"rendered":"<p>Ge\u00e7erlilik alan\u0131 ve hizmet kapsam\u0131 (1) \u0130\u015fbu kullan\u0131m \u015fartlar\u0131n\u0131n konusu, \u0130nter Lojistik Internationale Transportorganisation AG ve ba\u011fl\u0131 i\u015ftirak \u015firketleri (bundan sonra &#8220;\u0130nter Lojistik&#8221; olarak an\u0131lacak) taraf\u0131ndan sunulan web siteleri (bundan sonra &#8220;Web sitesi&#8221; olarak an\u0131lacak) kullan\u0131m\u0131n\u0131 kapsar. (2) Bu sayfa web sitesi genel kullan\u0131m \u015fartlar\u0131n\u0131 i\u00e7erir. Sayfan\u0131n a\u00e7\u0131lmas\u0131 veya kullan\u0131m\u0131 (bundan sonra \u201ckullan\u0131m\u201d olarak an\u0131lacak) [&hellip;]<\/p>\n","protected":false},"author":1,"featured_media":0,"parent":0,"menu_order":0,"comment_status":"closed","ping_status":"closed","template":"","meta":{"footnotes":""},"class_list":["post-6263","page","type-page","status-publish","hentry"],"_links":{"self":[{"href":"https:\/\/interlojistik.com.tr\/en\/wp-json\/wp\/v2\/pages\/6263","targetHints":{"allow":["GET"]}}],"collection":[{"href":"https:\/\/interlojistik.com.tr\/en\/wp-json\/wp\/v2\/pages"}],"about":[{"href":"https:\/\/interlojistik.com.tr\/en\/wp-json\/wp\/v2\/types\/page"}],"author":[{"embeddable":true,"href":"https:\/\/interlojistik.com.tr\/en\/wp-json\/wp\/v2\/users\/1"}],"replies":[{"embeddable":true,"href":"https:\/\/interlojistik.com.tr\/en\/wp-json\/wp\/v2\/comments?post=6263"}],"version-history":[{"count":1,"href":"https:\/\/interlojistik.com.tr\/en\/wp-json\/wp\/v2\/pages\/6263\/revisions"}],"predecessor-version":[{"id":6264,"href":"https:\/\/interlojistik.com.tr\/en\/wp-json\/wp\/v2\/pages\/6263\/revisions\/6264"}],"wp:attachment":[{"href":"https:\/\/interlojistik.com.tr\/en\/wp-json\/wp\/v2\/media?parent=6263"}],"curies":[{"name":"wp","href":"https:\/\/api.w.org\/{rel}","templated":true}]}}