{"id":6725,"date":"2022-02-20T22:21:21","date_gmt":"2022-02-20T22:21:21","guid":{"rendered":"https:\/\/interlojistik.com.tr\/en\/?page_id=6725"},"modified":"2022-02-20T22:21:21","modified_gmt":"2022-02-20T22:21:21","slug":"dubai-uluslararasi-nakliyat","status":"publish","type":"page","link":"https:\/\/interlojistik.com.tr\/en\/dubai-uluslararasi-nakliyat","title":{"rendered":"Dubai Uluslararas\u0131 Nakliyat"},"content":{"rendered":"<div class=\"pageTitle\">\n<h1>Dubai\u2019ye Ta\u015f\u0131nmak<\/h1>\n<\/div>\n<div class=\"pageContent mb-5\">\n<p>Yakla\u015f\u0131k yar\u0131m as\u0131r evvel k\u00fc\u00e7\u00fck bir sahil kasabas\u0131 olarak bilinen Dubai, Birle\u015fik Arap Emirlikleri\u2019nde bulunan 7 emirlik aras\u0131ndad\u0131r. Bu \u00fclkenin emiri ayn\u0131 zamanda Birle\u015fik Arap Emirlikleri emirinin yard\u0131mc\u0131s\u0131d\u0131r. \u0130nci \u00fcretimi ve ticareti ile d\u00fcnyaya tarihte ismini duyuran bu \u00fclke; in\u015faat ve havayolu sekt\u00f6r\u00fc sayesinde h\u0131zl\u0131 bir geli\u015fme g\u00f6stermi\u015ftir. Dubai\u2019ye ta\u015f\u0131nmak i\u00e7in giri\u015fimde bulunmak istiyorsan\u0131z \u00f6ncelikle bizimle ileti\u015fime ge\u00e7ebilirsiniz. Firmam\u0131z bu \u00fclkeye olan geli\u015fmi\u015f alt yap\u0131s\u0131 sayesinde sizlere de etkili bir hizmet verecektir. Sizler de Dubai\u2019ye ta\u015f\u0131nmay\u0131 istiyorsan\u0131z m\u00fc\u015fteri hizmetlerimizle g\u00f6r\u00fc\u015febilirsiniz.<br \/>\nOrtado\u011fu\u2019da bir\u00e7ok \u00fclkede alt yap\u0131s\u0131 bulunan \u0130nter Nakliyat sizler i\u00e7in \u00f6zel \u00e7\u00f6z\u00fcmler sunmaktad\u0131r. Dubai\u2019ye gitmek isteyen ya da burada ya\u015famak isteyenler i\u00e7in vize uygulamas\u0131 vard\u0131r. T\u00fcrkler i\u00e7in Dubai vizesi standart 2 ay olmaktad\u0131r. Sizler de vize s\u00fcreci i\u00e7in ve gerekli evraklar\u0131 \u00f6\u011frenmek amac\u0131yla bizimle ileti\u015fime ge\u00e7erek t\u00fcm s\u00fcre\u00e7leri \u00f6\u011frenebilirsiniz.<\/p>\n<p><img decoding=\"async\" class=\"img-fluid my-3\" title=\"Dubaide ya\u015fam\" src=\"http:\/\/eski.interlojistik.com.tr\/view\/img\/hizmet-bolge\/dubai-01.jpg\" alt=\"Dubaide ya\u015fam\" \/><\/div>\n<div class=\"pageGray\">\n<div class=\"pageTitle\">\n<h1>T\u00fcrkiye\u2019den Dubai\u2019ye Ta\u015f\u0131nmak<\/h1>\n<\/div>\n<div class=\"p-2\">\n<ul class=\"checkmark\">\n<li style=\"list-style-type: none;\">\n<ul class=\"checkmark\">\n<li>Sizler T\u00fcrkiye\u2019den Dubai\u2019ye ta\u015f\u0131nmak istiyorsan\u0131z bizimle tan\u0131\u015fmadan sak\u0131n bunu yapmay\u0131n. \u00c7\u00fcnk\u00fc firmam\u0131z sizler i\u00e7in bu iki \u00fclke aras\u0131ndaki ta\u015f\u0131nma i\u015flemlerini sorunsuz olarak yerine getirmektedir. Ekiplerimiz Dubai\u2019ye ta\u015f\u0131nman\u0131z i\u00e7in gerekli t\u00fcm s\u00fcre\u00e7leri ba\u015far\u0131yla ve h\u0131zl\u0131 \u00e7al\u0131\u015fmalarla sonu\u00e7land\u0131rmaktad\u0131r. Personellerimizin tamam\u0131 sizinle ileti\u015fim kurma ve kurumsal bilin\u00e7le \u00e7al\u0131\u015fma konusunda firmam\u0131z\u0131n \u00f6zel e\u011fitim s\u00fcrecinden ba\u015far\u0131yla ge\u00e7mi\u015ftir..<\/li>\n<li>Dubai\u2019ye ta\u015f\u0131nmak sizin i\u00e7in bir hayal olmaktan \u00e7\u0131kabilir. \u0130nter Lojistik ekipleri bu s\u00fcre\u00e7te paketleme ve g\u00fcmr\u00fckleme i\u015flemlerinizi uluslararas\u0131 standartlara uygun olarak y\u00fcr\u00fcterek sizlere en h\u0131zl\u0131 nakliye \u00e7\u00f6z\u00fcmlerini sunmaktad\u0131r. \u00c7al\u0131\u015fmalar s\u0131ras\u0131nda nakliye, y\u00fckleme, paketleme ve montaj hizmetlerini alan\u0131nda uzman personellerimiz y\u00fcr\u00fctmektedir.<\/li>\n<li>Dubai ve T\u00fcrkiye aras\u0131nda olan nakliye hizmetleriniz i\u00e7in t\u00fcm e\u015fyalar\u0131n\u0131z\u0131 sigortal\u0131yoruz. Bu s\u00fcre\u00e7te firmam\u0131z\u0131n verdi\u011fi hizmet boyunca t\u00fcm e\u015fyalar\u0131n\u0131z\u0131n ba\u015f\u0131na gelebilecek t\u00fcm zararlar sigorta \u015firketi taraf\u0131ndan kar\u015f\u0131lanmaktad\u0131r.<\/li>\n<\/ul>\n<\/li>\n<\/ul>\n<p><img decoding=\"async\" class=\"img-fluid my-3\" title=\"dubaiye e\u015fya ta\u015f\u0131mac\u0131l\u0131\u011f\u0131\" src=\"http:\/\/eski.interlojistik.com.tr\/view\/img\/hizmet-bolge\/dubai-02.jpg\" alt=\"dubaiye e\u015fya ta\u015f\u0131mac\u0131l\u0131\u011f\u0131\" \/><\/div>\n<\/div>\n<div class=\"mt-5\"><\/div>\n<div class=\"pageTitle\">\n<h2 class=\"fw-bold\">Dubai\u2019de Ya\u015fam<\/h2>\n<\/div>\n<p>Dubai, tarihi olarak zengin bir \u00fclke de\u011fildir. \u00c7\u00fcnk\u00fc burada yerle\u015fim 1900\u2019l\u00fc y\u0131llarda geli\u015fmeye ba\u015flam\u0131\u015ft\u0131r. Ayr\u0131ca b\u00f6lgede petrol yataklar\u0131 ve oteller sayesinde ticaret, turizm ve al\u0131\u015fveri\u015f sekt\u00f6rleri b\u00fcy\u00fck geli\u015fme g\u00f6stermi\u015ftir. Bu alanlar\u0131n getirdi\u011fi zenginlik b\u00fcy\u00fck bir ekonomik geli\u015fmeyi birlikte getirmi\u015ftir. Dubai\u2019de ya\u015famak sizlere d\u00fcnyan\u0131n geli\u015fmi\u015f otellerini ve en b\u00fcy\u00fck binalar\u0131n\u0131 s\u00fcrekli g\u00f6rmeye al\u0131\u015f\u0131k olmay\u0131 da sa\u011flayacakt\u0131r. Ayr\u0131ca \u00fclkede son y\u0131llarda b\u00fcy\u00fck markalar\u0131n \u00fcst d\u00fczey restoranlar\u0131 da a\u00e7\u0131lm\u0131\u015ft\u0131r. Bu y\u00fczden Dubai son y\u0131llarda d\u00fcnyan\u0131n \u00f6nemli Gastronomi geli\u015fimine ayak uydurmu\u015f bir \u00fclkedir. Bu \u00fclkenin zenginli\u011fini sokaklar\u0131nda gezerken alt\u0131n kaplama araba, alt\u0131n otomatlar\u0131 gibi detaylarla daha iyi anlayabilirsiniz. Ayr\u0131ca \u00fclkedeki \u00e7al\u0131\u015fanlar\u0131n b\u00fcy\u00fck \u00e7o\u011funlu\u011fu yabanc\u0131 k\u00f6kenlidir. Bu y\u00fczden \u00fclkemizden de farkl\u0131 sekt\u00f6rlerde i\u015f yapmak ya da \u00e7al\u0131\u015fmak i\u00e7in binlerce insan Dubai\u2019ye gitmektedir.<br \/>\nDubai; Arap Yar\u0131madas\u0131 \u00fczerinde bulunan bir \u00fclkedir. \u00dclkenin Basra K\u00f6rfezi kenar\u0131nda olmas\u0131 olduk\u00e7a geli\u015fmesini sa\u011flam\u0131\u015f ve ticaret hayat\u0131n\u0131 da \u00e7ok olumlu y\u00f6nde etkilemi\u015ftir. Bu \u00fclke Umman, Suudi Arabistan, \u0130ran ve Katar ile kom\u015fudur. Bu \u00fclkede e\u011fitim olanaklar\u0131 \u00e7ok iyi de\u011fildir. Halk genelde Avrupa \u00fclkelerinde okumaktad\u0131r ve genelde zenginlik h\u00fck\u00fcm s\u00fcrd\u00fc\u011f\u00fc i\u00e7in ticaretle u\u011fra\u015fmaktad\u0131r. Dubai\u2019de n\u00fcfusun en b\u00fcy\u00fck b\u00f6l\u00fcm\u00fcn\u00fc g\u00f6\u00e7menler olu\u015fturur. Bu da buran\u0131n d\u0131\u015far\u0131dan g\u00f6\u00e7 almas\u0131n\u0131n ve \u00e7al\u0131\u015fan s\u0131n\u0131f\u0131n \u00fclkeye \u00e7ok gelmesinin sonucudur.<\/p>\n<p><img decoding=\"async\" class=\"img-fluid my-3\" src=\"http:\/\/eski.interlojistik.com.tr\/view\/img\/hizmet-bolge\/dubai-04.jpg\" alt=\"dubaide ya\u015famak\" \/><span><\/span><\/p>\n<div class=\"my-3\"><\/div>\n<div class=\"mt-3\"><\/div>\n<div class=\"row my-3 d-flex\">\n<div class=\"col-sm-12\">\n<h2 class=\"fw-bold\">Dubai Hakk\u0131nda \u0130lgin\u00e7 Ger\u00e7ekler<\/h2>\n<p>Bu \u00fclke Birle\u015fik Arap Emirlikleri adl\u0131 \u00fclkede bulunan 7 emirlikten birisi olarak bilinmektedir.<br \/>\nBuran\u0131n resmi dili Arap\u00e7a olsa da neredeyse herkes \u0130ngilizce bilmektedir.<br \/>\nBurada Dubai Mall 1200 ma\u011faza ile en b\u00fcy\u00fck al\u0131\u015fveri\u015f merkezidir. Ayr\u0131ca en y\u00fcksek otel Bruj Al Arab da buradad\u0131r.<br \/>\n\u00dclkede 4.2 km uzunlu\u011funda d\u00fcnyan\u0131n en b\u00fcy\u00fck alt\u0131n zincirini de bulabilirsiniz.<br \/>\nD\u00fcnyan\u0131n en y\u00fcksek binas\u0131 Burj Khalifa burada bulunur. Ramazan ay\u0131nda bu binan\u0131n 80. kat\u0131ndan sonra insanlar oru\u00e7lar\u0131n\u0131 daha ge\u00e7 a\u00e7maktad\u0131r.<br \/>\n\u015eehirdeki otob\u00fcs duraklar\u0131 bile klimal\u0131d\u0131r.<br \/>\nPetrol ekonomik gelirin y\u00fczde alt\u0131s\u0131n\u0131 olu\u015fturur.<br \/>\nEmiratilere \u00fccretsiz e\u011fitim, sa\u011fl\u0131k ve konut sa\u011flanmaktad\u0131r.<br \/>\nGen\u00e7lerin neredeyse tamam\u0131 e\u011fitim i\u00e7in Avrupa\u2019ya yollan\u0131r.<br \/>\nD\u00fcnyadaki vin\u00e7lerin d\u00f6rtte biri bu \u00fclkededir.<\/p>\n<\/div>\n<\/div>\n","protected":false},"excerpt":{"rendered":"<p>Dubai\u2019ye Ta\u015f\u0131nmak Yakla\u015f\u0131k yar\u0131m as\u0131r evvel k\u00fc\u00e7\u00fck bir sahil kasabas\u0131 olarak bilinen Dubai, Birle\u015fik Arap Emirlikleri\u2019nde bulunan 7 emirlik aras\u0131ndad\u0131r. Bu \u00fclkenin emiri ayn\u0131 zamanda Birle\u015fik Arap Emirlikleri emirinin yard\u0131mc\u0131s\u0131d\u0131r. \u0130nci \u00fcretimi ve ticareti ile d\u00fcnyaya tarihte ismini duyuran bu \u00fclke; in\u015faat ve havayolu sekt\u00f6r\u00fc sayesinde h\u0131zl\u0131 bir geli\u015fme g\u00f6stermi\u015ftir. Dubai\u2019ye ta\u015f\u0131nmak i\u00e7in giri\u015fimde bulunmak [&hellip;]<\/p>\n","protected":false},"author":1,"featured_media":0,"parent":0,"menu_order":0,"comment_status":"closed","ping_status":"closed","template":"","meta":{"footnotes":""},"class_list":["post-6725","page","type-page","status-publish","hentry"],"_links":{"self":[{"href":"https:\/\/interlojistik.com.tr\/en\/wp-json\/wp\/v2\/pages\/6725","targetHints":{"allow":["GET"]}}],"collection":[{"href":"https:\/\/interlojistik.com.tr\/en\/wp-json\/wp\/v2\/pages"}],"about":[{"href":"https:\/\/interlojistik.com.tr\/en\/wp-json\/wp\/v2\/types\/page"}],"author":[{"embeddable":true,"href":"https:\/\/interlojistik.com.tr\/en\/wp-json\/wp\/v2\/users\/1"}],"replies":[{"embeddable":true,"href":"https:\/\/interlojistik.com.tr\/en\/wp-json\/wp\/v2\/comments?post=6725"}],"version-history":[{"count":1,"href":"https:\/\/interlojistik.com.tr\/en\/wp-json\/wp\/v2\/pages\/6725\/revisions"}],"predecessor-version":[{"id":6726,"href":"https:\/\/interlojistik.com.tr\/en\/wp-json\/wp\/v2\/pages\/6725\/revisions\/6726"}],"wp:attachment":[{"href":"https:\/\/interlojistik.com.tr\/en\/wp-json\/wp\/v2\/media?parent=6725"}],"curies":[{"name":"wp","href":"https:\/\/api.w.org\/{rel}","templated":true}]}}