{"id":6741,"date":"2022-02-20T22:28:21","date_gmt":"2022-02-20T22:28:21","guid":{"rendered":"https:\/\/interlojistik.com.tr\/en\/?page_id=6741"},"modified":"2022-02-20T22:28:21","modified_gmt":"2022-02-20T22:28:21","slug":"katar-uluslararasi-nakliyat","status":"publish","type":"page","link":"https:\/\/interlojistik.com.tr\/en\/katar-uluslararasi-nakliyat","title":{"rendered":"Katar Uluslararas\u0131 Nakliyat"},"content":{"rendered":"<div class=\"pageTitle\">\n<h1>Katar\u2019a Ta\u015f\u0131nma S\u00fcreleri<\/h1>\n<\/div>\n<div class=\"pageContent mb-5\">\n<p>Katar, Arap Yar\u0131madas\u0131\u2019nda yer alan bir Ortado\u011fu \u00fclkesidir. \u00dclke d\u00fcnyan\u0131n en zengin \u00fclkelerinden biridir. \u00dclkedeki n\u00fcfus da\u011f\u0131l\u0131m\u0131 dengesizdir ve n\u00fcfusun \u00f6nemli bir b\u00f6l\u00fcm\u00fc d\u0131\u015far\u0131dan gelen ki\u015filerdir. \u00dclkede sosyal ya\u015fam sakindir. Bir Ortado\u011fu \u00fclkesi olarak hayal etti\u011finizden \u00e7ok daha farkl\u0131 bir ya\u015fam vard\u0131r. Katar\u2019a ta\u015f\u0131nmak isteyenler i\u00e7in \u0130nter Nakliyat geli\u015fmi\u015f i\u015f a\u011f\u0131 ile \u00fclkenin t\u00fcm b\u00f6lgelerine sizleri ula\u015ft\u0131rmaktad\u0131r.<br \/>\nKatar hakk\u0131nda bilgi almak ve \u00fclkeye ta\u015f\u0131nabilmek ad\u0131na t\u00fcm detaylar\u0131 \u00f6\u011frenmek i\u00e7in m\u00fc\u015fteri hizmetlerimizi arayarak bilgi alabilirsiniz. Katar 30 g\u00fcne kadar \u00fclkemizden vize istemese de ta\u015f\u0131nacaklar i\u00e7in vize ve oturma izni \u015fartt\u0131r. Ancak \u00fclkede i\u015f g\u00fcc\u00fcne ihtiya\u00e7 fazla oldu\u011fu i\u00e7in oturma iznini \u0130nter Nakliyat deste\u011fiyle kolayca alabilirsiniz. Katar\u2019a ta\u015f\u0131nmak istiyorsan\u0131z tek yapman\u0131z gereken bizimle ileti\u015fime ge\u00e7mektir.<\/p>\n<p><img decoding=\"async\" class=\"img-fluid my-3\" title=\"katar ta\u015f\u0131mac\u0131l\u0131k\" src=\"http:\/\/eski.interlojistik.com.tr\/view\/img\/hizmet-bolge\/katar-03.jpg\" alt=\"katar ta\u015f\u0131mac\u0131l\u0131k\" \/><\/div>\n<div class=\"pageGray\">\n<div class=\"pageTitle\">\n<h1>T\u00fcrkiye\u2019den Katar\u2019a Ta\u015f\u0131nmak<\/h1>\n<\/div>\n<div class=\"p-2\">\n<ul class=\"checkmark\">\n<li style=\"list-style-type: none;\">\n<ul class=\"checkmark\">\n<li>Katar ile \u00fclkemiz aras\u0131nda ortalama 2800 km vard\u0131r. Kara ba\u011flant\u0131s\u0131 oldu\u011fu i\u00e7in hem kara hem deniz hem de havayolu ile ta\u015f\u0131nabilirsiniz. Sizler T\u00fcrkiye\u2019den Katar\u2019a ta\u015f\u0131nmak i\u00e7in hangi se\u00e7ene\u011fi tercih ederseniz \u0130nter Lojistik Grubu olarak firmam\u0131z t\u00fcm haz\u0131rl\u0131klar\u0131n\u0131 yapmakta ve sizlere buna g\u00f6re yard\u0131mc\u0131 olmaktad\u0131r. Sizler de geli\u015fmi\u015f hizmet a\u011f\u0131 ve alt yap\u0131m\u0131z sayesinde k\u0131sa s\u00fcrede Katar\u2019da yeni bir ya\u015fama kavu\u015fabilirsiniz. Bu s\u00fcre\u00e7te sizlere profesyonel destek ve uzman bir kadro ile hizmet verdi\u011fimizi s\u00f6yleyelim.<\/li>\n<li>T\u00fcrkiye\u2019deki adresinize ta\u015f\u0131nma g\u00fcn\u00fc uzman ekiplerimizi yollayarak hemen demontaj i\u015flerini tamaml\u0131yoruz. Sonras\u0131nda hemen paketleme ve g\u00fcmr\u00fckleme s\u00fcre\u00e7lerini y\u00fcr\u00fct\u00fcyoruz. E\u015fyalar\u0131n\u0131z\u0131n uzun mesafede zarar g\u00f6rmemesi ad\u0131na t\u00fcm paketleme i\u015flemlerini birinci s\u0131n\u0131f malzemelerle yap\u0131yoruz. Ayr\u0131ca gerekli durumlarda asans\u00f6rl\u00fc ta\u015f\u0131ma gibi farkl\u0131 hizmetleri de i\u015fin i\u00e7ine sokuyoruz.<\/li>\n<li>Ta\u015f\u0131ma i\u015fleminde Katar\u2019a ula\u015f\u0131m ve orada ya da T\u00fcrkiye\u2019de depolama gibi s\u00fcre\u00e7ler konusunda \u015firketimiz sizlere alt yap\u0131 deste\u011fi sa\u011flamaktad\u0131r. Ayr\u0131ca firmam\u0131z ta\u015f\u0131ma i\u015flemlerinde e\u015fyalar\u0131n\u0131z\u0131 garanti alt\u0131na alabilmek i\u00e7in sizlerle sigorta s\u00f6zle\u015fmesi imzalamaktad\u0131r.<\/li>\n<\/ul>\n<\/li>\n<\/ul>\n<p><img decoding=\"async\" class=\"img-fluid my-3\" title=\"katarda ya\u015fam\" src=\"http:\/\/eski.interlojistik.com.tr\/view\/img\/hizmet-bolge\/katar-01.jpg\" alt=\"katarda ya\u015fam\" \/><\/div>\n<\/div>\n<div class=\"mt-5\"><\/div>\n<div class=\"pageTitle\">\n<h2 class=\"fw-bold\">Katar\u2019da Ya\u015fam<\/h2>\n<\/div>\n<p>Katar adl\u0131 \u00fclkede ekonomik ya\u015fam \u00e7ok hareketlidir. Petrol ve di\u011fer yeralt\u0131 kaynaklar\u0131 bak\u0131m\u0131ndan d\u00fcnyan\u0131n en zengin \u00fclkelerinden biri olan Katar, \u00e7ok geli\u015fmi\u015f bir ekonomik ve sosyal hayata sahiptir. \u00dclke halk\u0131 pek \u00e7al\u0131\u015fmay\u0131 sevmez. \u00dclkedeki \u00e7al\u0131\u015fan kesimin neredeyse tamam\u0131 daha d\u00fc\u015f\u00fck seviyeli \u00fclkelerden gelen M\u00fcsl\u00fcmanlard\u0131r. Katar\u2019da ya\u015famak sizlere biraz iyi bir durumda olursan\u0131z l\u00fcks ve hareketli bir ya\u015fam\u0131n kap\u0131lar\u0131n\u0131 aralayacakt\u0131r. Bir M\u00fcsl\u00fcman \u00fclkedeki ya\u015fam\u0131n bu derece hareketli ve kaliteli oldu\u011funu g\u00f6rmek sizi \u015fa\u015f\u0131rtacakt\u0131r. \u015euanda Katar ile \u00fclkemiz aras\u0131ndaki ekonomik ili\u015fkiler \u00e7ok g\u00fc\u00e7l\u00fcd\u00fcr. Bu y\u00fczden her t\u00fcrl\u00fc ta\u015f\u0131nma ve ticari faaliyetleriniz bu \u00fclkede olduk\u00e7a olumlu kar\u015f\u0131lanacakt\u0131r.<br \/>\nKatar\u2019da ekonomik her y\u0131l en az %10 kadar b\u00fcy\u00fcmektedir. Ayr\u0131ca \u00fclkedeki petrol ve do\u011falgaz yataklar\u0131 \u00e7ok uzun y\u0131llar yetecek seviyededir. \u00dclkenin kara s\u0131n\u0131r\u0131 olarak tek kom\u015fusu Suudi Arabistan\u2019d\u0131r. Di\u011fer t\u00fcm k\u0131s\u0131mlar\u0131 Basra K\u00f6rfezi ile \u00e7evrilidir. Kuzeybat\u0131s\u0131nda Bahreyn, bat\u0131 ve g\u00fcneyinde Suudi Arabistan, do\u011fusunda Birle\u015fik Arap Emirlikleri vard\u0131r. \u00dclkedeki ekonomik g\u00fc\u00e7 olarak d\u00fcnyan\u0131n say\u0131l\u0131 \u00fclkelerinden biri oldu\u011funu ifade edelim. \u00dclkenin ba\u015fkenti ve en geli\u015fmi\u015f \u015fehri Doha\u2019d\u0131r. Sizler de sosyal ya\u015fam, sa\u011fl\u0131k ve geli\u015fmi\u015flik a\u00e7\u0131s\u0131ndan bu \u00fclkeye g\u00f6n\u00fcl rahatl\u0131\u011f\u0131yla yerle\u015febilirsiniz.<\/p>\n<p><img decoding=\"async\" class=\"img-fluid my-3\" title=\"katara ta\u015f\u0131nmak\" src=\"http:\/\/eski.interlojistik.com.tr\/view\/img\/hizmet-bolge\/katar-02.jpg\" alt=\"katara ta\u015f\u0131nmak\" \/><span><\/span><\/p>\n<div class=\"my-3\"><\/div>\n<div class=\"mt-3\"><\/div>\n<div class=\"row my-3 d-flex\">\n<div class=\"col-sm-12\">\n<h2 class=\"fw-bold\">Katar Hakk\u0131nda \u0130lgin\u00e7 Ger\u00e7ekler<\/h2>\n<p>\u00dclkedeki n\u00fcfusun tamam\u0131na yak\u0131n\u0131 yabanc\u0131lardan meydana gelmektedir.<br \/>\n\u00dclkede elektrik, su, do\u011falgaz \u00fccretsizdir ve devlet halktan vergi toplamaz.<br \/>\n\u00dclkede oturmu\u015f bir mutfak k\u00fclt\u00fcr\u00fc yoktur. N\u00fcfus kar\u0131\u015f\u0131k oldu\u011fu i\u00e7in her mutfaktan izler bulabilirsiniz.<br \/>\nAlkol lisans\u0131 olan otellerde alkol almak hi\u00e7bir s\u0131k\u0131nt\u0131 olu\u015fturmaz.<br \/>\nKatar Havayollar\u0131 d\u00fcnyan\u0131n en kaliteli havayolu \u015firketi olarak kabul edilmektedir.<br \/>\nD\u00fcnyadaki en pahal\u0131 otomobilleri burada bulabilirsiniz.<br \/>\n2015 y\u0131l\u0131nda d\u00fcnyadaki en g\u00fcvenli ikinci \u00fclke olarak kabul edilmi\u015ftir.<br \/>\n\u00dclkeye neredeyse t\u00fcm yiyecek i\u00e7ecekler d\u0131\u015far\u0131dan gelmektedir. Tar\u0131msal faaliyetler s\u0131f\u0131r noktas\u0131nda denecek kadar azd\u0131r.<br \/>\n\u00dclkede hizmet sekt\u00f6r\u00fc \u00e7ok geli\u015fmi\u015ftir. \u00dclkede sadece oteller vergi \u00f6der.<\/p>\n<\/div>\n<\/div>\n","protected":false},"excerpt":{"rendered":"<p>Katar\u2019a Ta\u015f\u0131nma S\u00fcreleri Katar, Arap Yar\u0131madas\u0131\u2019nda yer alan bir Ortado\u011fu \u00fclkesidir. \u00dclke d\u00fcnyan\u0131n en zengin \u00fclkelerinden biridir. \u00dclkedeki n\u00fcfus da\u011f\u0131l\u0131m\u0131 dengesizdir ve n\u00fcfusun \u00f6nemli bir b\u00f6l\u00fcm\u00fc d\u0131\u015far\u0131dan gelen ki\u015filerdir. \u00dclkede sosyal ya\u015fam sakindir. Bir Ortado\u011fu \u00fclkesi olarak hayal etti\u011finizden \u00e7ok daha farkl\u0131 bir ya\u015fam vard\u0131r. Katar\u2019a ta\u015f\u0131nmak isteyenler i\u00e7in \u0130nter Nakliyat geli\u015fmi\u015f i\u015f a\u011f\u0131 ile [&hellip;]<\/p>\n","protected":false},"author":1,"featured_media":0,"parent":0,"menu_order":0,"comment_status":"closed","ping_status":"closed","template":"","meta":{"footnotes":""},"class_list":["post-6741","page","type-page","status-publish","hentry"],"_links":{"self":[{"href":"https:\/\/interlojistik.com.tr\/en\/wp-json\/wp\/v2\/pages\/6741","targetHints":{"allow":["GET"]}}],"collection":[{"href":"https:\/\/interlojistik.com.tr\/en\/wp-json\/wp\/v2\/pages"}],"about":[{"href":"https:\/\/interlojistik.com.tr\/en\/wp-json\/wp\/v2\/types\/page"}],"author":[{"embeddable":true,"href":"https:\/\/interlojistik.com.tr\/en\/wp-json\/wp\/v2\/users\/1"}],"replies":[{"embeddable":true,"href":"https:\/\/interlojistik.com.tr\/en\/wp-json\/wp\/v2\/comments?post=6741"}],"version-history":[{"count":1,"href":"https:\/\/interlojistik.com.tr\/en\/wp-json\/wp\/v2\/pages\/6741\/revisions"}],"predecessor-version":[{"id":6742,"href":"https:\/\/interlojistik.com.tr\/en\/wp-json\/wp\/v2\/pages\/6741\/revisions\/6742"}],"wp:attachment":[{"href":"https:\/\/interlojistik.com.tr\/en\/wp-json\/wp\/v2\/media?parent=6741"}],"curies":[{"name":"wp","href":"https:\/\/api.w.org\/{rel}","templated":true}]}}