{"id":6745,"date":"2022-02-20T22:29:30","date_gmt":"2022-02-20T22:29:30","guid":{"rendered":"https:\/\/interlojistik.com.tr\/en\/?page_id=6745"},"modified":"2022-02-20T22:29:30","modified_gmt":"2022-02-20T22:29:30","slug":"suudi-arabistan-uluslararasi-nakliyat","status":"publish","type":"page","link":"https:\/\/interlojistik.com.tr\/en\/suudi-arabistan-uluslararasi-nakliyat","title":{"rendered":"Suudi Arabistan Uluslararas\u0131 Nakliyat"},"content":{"rendered":"<div class=\"pageGray\">\n<div class=\"pageTitle\">\n<h1>Suudi Arabistan\u2019a Ta\u015f\u0131nma S\u00fcreleri<\/h1>\n<\/div>\n<div class=\"p-2\">\n<ul class=\"checkmark\">\n<li>Farkl\u0131 \u00fclkeler aras\u0131nda ta\u015f\u0131nma s\u00fcrelerini dikkate ald\u0131\u011f\u0131n\u0131zda aradaki mesafe, \u00fclkelerin yo\u011funluk zamanlar\u0131, resmi kurumlar\u0131n i\u015flem s\u00fcreleri ve g\u00fcmr\u00fcklerdeki yo\u011funluklar ile birlikte ta\u015f\u0131nma hizmeti ald\u0131\u011f\u0131n\u0131z y\u00f6ntem etki eden fakt\u00f6rlerdir. Yani Suudi Arabistan\u2019a ta\u015f\u0131nma s\u00fcresi hakk\u0131nda bilgi alabilmek i\u00e7in \u00f6ncelikle firmam\u0131z\u0131n detayl\u0131 bir \u00e7al\u0131\u015fma yapmas\u0131 gerekir. Bu \u00e7al\u0131\u015fma sonras\u0131nda t\u00fcm detaylar m\u00fc\u015fteri hizmetleri yetkililerimiz taraf\u0131ndan size iletilecektir.<\/li>\n<\/ul>\n<\/div>\n<\/div>\n<div class=\"mt-5\"><\/div>\n<div class=\"pageTitle\">\n<h2 class=\"fw-bold\">T\u00fcrkiye\u2019den Suudi Arabistan\u2019a Ta\u015f\u0131nmak<\/h2>\n<\/div>\n<p>T\u00fcrkiye\u2019den Suudi Arabistan\u2019a ta\u015f\u0131nmak i\u00e7in bir hizmet almak istiyorsan\u0131z \u00f6ncelikle \u0130nter Lojistik ile ileti\u015fime ge\u00e7melisiniz. \u00c7\u00fcnk\u00fc bu \u00fclkeye ta\u015f\u0131nmak i\u00e7in bu konuda daha \u00f6nce hizmet vermi\u015f bir \u015firketle \u00e7al\u0131\u015fman\u0131z faydan\u0131za olacakt\u0131r. Firmam\u0131z Suudi Arabistan\u2019a say\u0131s\u0131z olarak lojistik hizmeti vermi\u015f bir platformdur. Ta\u015f\u0131nma s\u00fcrecinde t\u00fcm filomuz hizmetimizdedir. Ayr\u0131ca ekiplerimiz de hem T\u00fcrkiye hem de Suudi Arabistan\u2019da sizin i\u00e7in \u00e7al\u0131\u015fmalar\u0131n\u0131 yerine getireceklerdir.<br \/>\nT\u00fcrkiye\u2019deki evinizden t\u00fcm e\u015fyalar\u0131n\u0131z titizlikle uzman ekiplerimiz taraf\u0131ndan al\u0131nmaktad\u0131r. S\u00f6k\u00fclmesi gereken par\u00e7alar s\u00f6k\u00fclmekte ve demontaj i\u015flemi ba\u015far\u0131yla tamamlanmaktad\u0131r. Nakliye s\u00fcreci i\u00e7in paketleme ve g\u00fcmr\u00fckleme birinci s\u0131n\u0131f malzemelerle yap\u0131lmakta ve Suudi Arabistan\u2019daki adresinizde marangozlar\u0131m\u0131z t\u00fcm montaj \u00e7al\u0131\u015fmalar\u0131n\u0131 ba\u015far\u0131yla yerine getirmektedir. Nakliye hizmetinde e\u015fyalar\u0131n\u0131z\u0131n zarar g\u00f6rmemesi \u00e7ok \u00f6nemlidir. Bunun i\u00e7in \u015firketimiz sigorta s\u00f6zle\u015fmesi imzalamaktad\u0131r. Bu sayede herhangi bir e\u015fyan\u0131z zarar g\u00f6r\u00fcrse sigorta \u015firketi t\u00fcm zarar\u0131n\u0131z\u0131 kar\u015f\u0131lamaktad\u0131r. Ayr\u0131ca depolama alanlar\u0131m\u0131zdan da faydalanabilece\u011finizi hat\u0131rlatal\u0131m.<\/p>\n<div class=\"my-3\"><\/div>\n<div class=\"mt-3\"><\/div>\n<div class=\"row my-3 d-flex\">\n<div class=\"col-sm-12\">\n<h2 class=\"fw-bold\">Suudi Arabistan&#8217;da Ya\u015fam Masraflar\u0131<\/h2>\n<p>Suudi Arabistan hala geli\u015fmekte olan bir \u00fclke ve n\u00fcfusunun \u00e7o\u011funlu\u011fu d\u00fc\u015f\u00fck ya\u015fam standartlar\u0131nda ya\u015f\u0131yor. Suudi Arabistan&#8217;da Ya\u015fam Masraflar\u0131n\u0131 anlamak i\u00e7in bunu g\u00f6z \u00f6n\u00fcnde bulundurmak gerek. 2012\u2019deki ya\u015fam masraf\u0131 anketi ara\u015ft\u0131rmalar\u0131na g\u00f6re Suudi Arabistan\u2019\u0131n Medine ve Mekke gibi b\u00fcy\u00fck \u015fehirlerinde ya\u015fam masraflar\u0131 di\u011fer y\u0131llara g\u00f6re g\u00f6zle g\u00f6r\u00fcl\u00fcr bi\u00e7imde artm\u0131\u015ft\u0131r. Suudi Arabistan\u2019da Konu\u015fulan Diller : Suudi Arabistan\u2019da birden fazla t\u00fcrde Arap\u00e7a konu\u015fulur. Bu dil \u00e7e\u015fitlili\u011fi g\u00f6z \u00f6n\u00fcne al\u0131n\u0131rsa \u0130ngilizce dilinin ortak i\u015f dili i\u00e7in \u00f6neminin artt\u0131\u011f\u0131 g\u00f6r\u00fcl\u00fcr. Bu y\u00fczden planlar\u0131n\u0131z\u0131 yapmaya ba\u015flamadan \u00f6nce yabanc\u0131 dil \u00f6\u011frenmeye ba\u015flaman\u0131z sizin i\u00e7in iyi bir se\u00e7im olur.<\/p>\n<\/div>\n<\/div>\n<div class=\"row  my-3\">\n<div class=\"col-sm-12\">\n<h1>Suudi Arabistan\u2019da Ya\u015fam<\/h1>\n<p>Suudi Arabistan d\u00fcnyan\u0131n en zengin \u00fclkelerinden biridir. Bu \u00fclke \u0130slami kanunlara g\u00f6re y\u00f6netilen bir krall\u0131kt\u0131r. \u00dclkede \u015feriat kurallar\u0131 ge\u00e7erli oldu\u011fu i\u00e7in ya\u015fam kad\u0131nlar i\u00e7in biraz zor olabilir. Halk\u0131n bir k\u0131sm\u0131 \u00e7ok fakirken di\u011fer k\u0131sm\u0131 \u00e7ok zengin bir hayat s\u00fcrer. Sizin i\u00e7in de Suudi Arabistan\u2019da ya\u015famak \u00e7ok radikal bir karar olacakt\u0131r. \u00dclkedeki sosyal hayat ak\u015fam saatlerinde ba\u015flamaktad\u0131r. \u00dclke d\u00fcnyan\u0131n en l\u00fcks binalar\u0131n\u0131 ve \u015fehirlerini bar\u0131nd\u0131rmaktad\u0131r. Burada ya\u015famak istedi\u011finizde petrol zengini olduklar\u0131n\u0131 da bilmelisiniz. Bu y\u00fczden \u00fclkede ekonomik ya\u015fam \u00e7ok \u00fcst seviyededir. Yolda gezerken alt\u0131n kaplama son model arabalar g\u00f6rmeniz bile \u00e7ok olas\u0131d\u0131r. Bu y\u00fczden bu \u00fclkede ya\u015farken asl\u0131nda sosyal hayat\u0131n \u00e7ok da kapal\u0131 olmad\u0131\u011f\u0131n\u0131 g\u00f6rebilirsiniz. Suudi Arabistan sa\u011fl\u0131k ve sosyal hayat konusunda biraz daha geli\u015fmesi gereken bir \u00fclkedir.<br \/>\nSuudi Arabistan; Mekke ve Medine \u015fehirlerini bar\u0131nd\u0131rd\u0131\u011f\u0131 i\u00e7in d\u00fcnyan\u0131n her yerinden insan vard\u0131r. Burada ya\u015fayan \u00e7ok say\u0131da yabanc\u0131 \u00fclke vatanda\u015f\u0131 oldu\u011funu da s\u00f6yleyelim. \u00dclkenin bat\u0131 b\u00f6l\u00fcm\u00fcnde K\u0131z\u0131ldeniz, do\u011fusunda Bahreyn, Katar, Birle\u015fik Arap Emirlikleri, Umman ve Basra K\u00f6rfezi vard\u0131r. G\u00fcney kom\u015fusunun da Yemen oldu\u011funu s\u00f6yleyelim. \u00dclkede e\u011fitim olanaklar\u0131 T\u00fcrkiye\u2019ye g\u00f6re daha geri kalm\u0131\u015ft\u0131r. Bu y\u00fczden de Suudi Arabistan i\u00e7in daha \u00e7ok turizm ve l\u00fcks ya\u015fam ad\u0131na buraya ta\u015f\u0131nabilece\u011finizi ifade edelim.<\/p>\n<h4>Suudi Arabistan Hakk\u0131nda \u0130lgin\u00e7 Ger\u00e7ekler<\/h4>\n<p>\u00dclke gelirinin %45\u2019i petrolden meydana gelmektedir.<br \/>\nD\u00fcnyada en \u00e7ok askeri harcama yapan 5 \u00fclke aras\u0131ndad\u0131r.<br \/>\n\u00dclkede i\u015f g\u00fcc\u00fcn\u00fcn be\u015fte d\u00f6rd\u00fc yabanc\u0131 \u00fclke vatanda\u015flar\u0131ndan meydana gelmektedir.<br \/>\nD\u00fcnyadaki en b\u00fcy\u00fck petrol rezervlerine Gavar B\u00f6lgesi ev sahipli\u011fi yapmaktad\u0131r.<br \/>\n\u00dclkenin yakla\u015f\u0131k yar\u0131s\u0131 25 ya\u015f\u0131ndan k\u00fc\u00e7\u00fckt\u00fcr.<br \/>\nRiyad\u2019da her g\u00fcn 100\u2019den fazla deve al\u0131\u015fveri\u015fi yap\u0131lmaktad\u0131r.<br \/>\n\u00dclkede \u015fuanda d\u00fcnyan\u0131n en y\u00fcksek g\u00f6kdeleni olacak olan Kingdom Tower in\u015faat a\u015famas\u0131ndad\u0131r.<br \/>\nKad\u0131nlar\u0131n araba kullanmas\u0131na belli s\u0131n\u0131rlamalar uygulanmaktad\u0131r.<br \/>\nDin ve inan\u00e7 \u00f6zg\u00fcrl\u00fc\u011f\u00fc bulunmamaktad\u0131r.<br \/>\nKad\u0131nlar \u00fclke vatanda\u015f\u0131 olmasa da siyah \u00e7ar\u015faf giymek zorundad\u0131r.<br \/>\n\u00dclkede kardan adam yapmak yasakt\u0131r.<\/p>\n<\/div>\n<\/div>\n","protected":false},"excerpt":{"rendered":"<p>Suudi Arabistan\u2019a Ta\u015f\u0131nma S\u00fcreleri Farkl\u0131 \u00fclkeler aras\u0131nda ta\u015f\u0131nma s\u00fcrelerini dikkate ald\u0131\u011f\u0131n\u0131zda aradaki mesafe, \u00fclkelerin yo\u011funluk zamanlar\u0131, resmi kurumlar\u0131n i\u015flem s\u00fcreleri ve g\u00fcmr\u00fcklerdeki yo\u011funluklar ile birlikte ta\u015f\u0131nma hizmeti ald\u0131\u011f\u0131n\u0131z y\u00f6ntem etki eden fakt\u00f6rlerdir. Yani Suudi Arabistan\u2019a ta\u015f\u0131nma s\u00fcresi hakk\u0131nda bilgi alabilmek i\u00e7in \u00f6ncelikle firmam\u0131z\u0131n detayl\u0131 bir \u00e7al\u0131\u015fma yapmas\u0131 gerekir. Bu \u00e7al\u0131\u015fma sonras\u0131nda t\u00fcm detaylar m\u00fc\u015fteri hizmetleri [&hellip;]<\/p>\n","protected":false},"author":1,"featured_media":0,"parent":0,"menu_order":0,"comment_status":"closed","ping_status":"closed","template":"","meta":{"footnotes":""},"class_list":["post-6745","page","type-page","status-publish","hentry"],"_links":{"self":[{"href":"https:\/\/interlojistik.com.tr\/en\/wp-json\/wp\/v2\/pages\/6745","targetHints":{"allow":["GET"]}}],"collection":[{"href":"https:\/\/interlojistik.com.tr\/en\/wp-json\/wp\/v2\/pages"}],"about":[{"href":"https:\/\/interlojistik.com.tr\/en\/wp-json\/wp\/v2\/types\/page"}],"author":[{"embeddable":true,"href":"https:\/\/interlojistik.com.tr\/en\/wp-json\/wp\/v2\/users\/1"}],"replies":[{"embeddable":true,"href":"https:\/\/interlojistik.com.tr\/en\/wp-json\/wp\/v2\/comments?post=6745"}],"version-history":[{"count":1,"href":"https:\/\/interlojistik.com.tr\/en\/wp-json\/wp\/v2\/pages\/6745\/revisions"}],"predecessor-version":[{"id":6746,"href":"https:\/\/interlojistik.com.tr\/en\/wp-json\/wp\/v2\/pages\/6745\/revisions\/6746"}],"wp:attachment":[{"href":"https:\/\/interlojistik.com.tr\/en\/wp-json\/wp\/v2\/media?parent=6745"}],"curies":[{"name":"wp","href":"https:\/\/api.w.org\/{rel}","templated":true}]}}