{"id":6747,"date":"2022-02-20T22:29:57","date_gmt":"2022-02-20T22:29:57","guid":{"rendered":"https:\/\/interlojistik.com.tr\/en\/?page_id=6747"},"modified":"2022-02-20T22:29:57","modified_gmt":"2022-02-20T22:29:57","slug":"cin-uluslararasi-nakliyat","status":"publish","type":"page","link":"https:\/\/interlojistik.com.tr\/en\/cin-uluslararasi-nakliyat","title":{"rendered":"\u00c7in Uluslararas\u0131 Nakliyat"},"content":{"rendered":"<div class=\"pageTitle\">\n<h1>\u00c7in\u2019e Ta\u015f\u0131nma S\u00fcresi<\/h1>\n<\/div>\n<div class=\"pageContent mb-5\">\n<p>\u00c7in\u2019e Ta\u015f\u0131nma S\u00fcresini sizin i\u00e7in uzman personelimiz \u00f6ng\u00f6r\u00fcyor. \u00c7in\u2019e Ta\u015f\u0131nma S\u00fcresini merak ediyorsan\u0131z +90 444 61 85 numaral\u0131 hizmet hatt\u0131m\u0131z\u0131 arayarak ya da info@internakiyat.com.tr adresine mail atarak \u00f6\u011frenebilirsiniz.<\/p>\n<\/div>\n<div class=\"pageGray\">\n<div class=\"pageTitle\">\n<h1>\u00c7in\u2019e Ta\u015f\u0131nmak<\/h1>\n<\/div>\n<div class=\"p-2\">\n<ul class=\"checkmark\">\n<li>\u00c7in d\u00fcnyan\u0131n en kalabal\u0131k n\u00fcfusuyla d\u00fcnyan\u0131n yeni s\u00fcper g\u00fcc\u00fc olmaya aday bir \u00fclkedir. Devasa metropolleri, g\u00f6kdelenleri, yollar\u0131yla ve k\u00f6kl\u00fc tarihiyle her y\u0131l milyonlarca insan\u0131n u\u011frak yeri olmu\u015ftur. \u00c7in\u2019in k\u00fclt\u00fcr ve tarihi eski medeniyetlerinin etraf\u0131nda sentezlenir. Bu y\u00fczden insanlar\u0131n burada ya\u015fayarak ya da ziyaret ederek bu g\u00fczelli\u011fi deneyimlemeleri gereken bir yerdir \u00c7in. E\u011fer siz de \u00c7in\u2019e Ta\u015f\u0131nmak istiyorsan\u0131z hemen konsoloslu\u011fa ba\u015fvurup ta\u015f\u0131nmak i\u00e7in belgeleri toplamaya ba\u015flayabilirsiniz. \u0130nter Nakliyat olarak ta\u015f\u0131nmaya karar verdi\u011finiz andan itibaren sizin i\u00e7in \u00c7in\u2019e ta\u015f\u0131nma plan\u0131 haz\u0131rl\u0131yor, e\u015fyalar\u0131n\u0131z\u0131 en h\u0131zl\u0131, g\u00fcvenli ve ekonomik \u015fekilde ta\u015f\u0131yoruz.<\/li>\n<li>Deneyimli personelimiz uluslararas\u0131 ta\u015f\u0131mac\u0131l\u0131k kurallar\u0131na uygun teknoloji donan\u0131ml\u0131 ara\u00e7lar\u0131m\u0131z ve yine bizimle beraber \u00e7al\u0131\u015fan kurumsal altyap\u0131s\u0131 olan i\u015f orta\u011f\u0131m\u0131z firmalar ile evinizi d\u00fcnyan\u0131n herhangi bir yerinden \u00c7in\u2019deki istedi\u011finiz bir adrese ta\u015f\u0131yoruz. Firmam\u0131z\u0131n size sundu\u011fu imkanlar\u0131 daha detayl\u0131 \u00f6\u011frenmek i\u00e7in +90 444 61 85 numaral\u0131 hizmet hatt\u0131m\u0131z\u0131 arayabilir, ya da info@internakliyat.com adresine mail atabilirsiniz. \u0130nter Nakliyat sizin soru ve g\u00f6r\u00fc\u015flerinize haftan\u0131n 7 g\u00fcn\u00fc cevap verir.<\/li>\n<\/ul>\n<\/div>\n<\/div>\n<div class=\"mt-5\"><\/div>\n<div class=\"pageTitle\">\n<h2 class=\"fw-bold\">T\u00fcrkiye\u2019den \u00c7in\u2019e Ta\u015f\u0131nmak<\/h2>\n<\/div>\n<p>T\u00fcrkiye\u2019den \u00c7in\u2019e Ta\u015f\u0131nmak i\u00e7in \u00f6ncelikle \u00c7in makamlar\u0131na resmi olarak ba\u015fvurular\u0131n\u0131 yapman\u0131z laz\u0131m. Ba\u015fvurma i\u015flemlerini belirledi\u011finiz ta\u015f\u0131nma tarihinden aylar \u00f6ncesinde yapman\u0131zda fayda var. T\u00fcm yasal s\u00fcre\u00e7ler geride b\u0131rak\u0131ld\u0131\u011f\u0131nda geriye sadece sizin i\u00e7in \u00f6nemli olan e\u015fyalar\u0131n\u0131z\u0131 yeni yuvan\u0131za ta\u015f\u0131ma i\u015flemi kal\u0131r. Alan\u0131nda \u00f6nc\u00fc olan \u0130nter Nakliyat sizin e\u015fyalar\u0131n\u0131z\u0131n niceli\u011fi ve niteli\u011fine \u00f6zel \u00e7\u00f6z\u00fcmler \u00fcreterek ta\u015f\u0131ma plan\u0131 haz\u0131rlar. E\u015fyalar\u0131n bulundu\u011fu konumdan paketlenip g\u00fcmr\u00fck i\u015flemlerinden ge\u00e7irilmesi, hedef adrese g\u00fcvenle ula\u015ft\u0131r\u0131l\u0131p burada e\u015fyalar\u0131n paketlerinden \u00e7\u0131kar\u0131lmas\u0131 ve yeni yerlerine monte edilmesine kadar ta\u015f\u0131nma s\u00fcrecinin neredeyse b\u00fct\u00fcn a\u015famalar\u0131nda sizin i\u00e7in \u00e7al\u0131\u015f\u0131r. Ayn\u0131 zamanda bu s\u00fcre\u00e7 boyunca sizi s\u00fcrekli bilgilendirir, e\u015fyalar\u0131n\u0131z\u0131n nerede ve hangi durumda oldu\u011funu ta\u015f\u0131ma s\u00fcrecinin ne gibi a\u015famalardan ge\u00e7ti\u011fini size \u015feffaf bir \u015fekilde sunar. Ayn\u0131 zamanda b\u00fcrokratik i\u015flem kaynakl\u0131 olas\u0131 gecikmeleri tam zaman\u0131nda size bildirir ve sizin plan\u0131n\u0131z\u0131n zarar g\u00f6rmesine engellemeye \u00e7al\u0131\u015f\u0131r. B\u00fct\u00fcn bu i\u015fleri alan\u0131nda y\u0131llarca \u00e7al\u0131\u015fm\u0131\u015f ve yine e\u011fitimlerle yeni beceriler edinmi\u015f uzman personelimiz ve \u015firketimizin di\u011fer profesyonel ta\u015f\u0131ma ortaklar\u0131yla ger\u00e7ekle\u015ftirir.<\/p>\n<div class=\"my-3\"><\/div>\n<div class=\"mt-3\"><\/div>\n<div class=\"row my-3 d-flex\">\n<div class=\"col-sm-12\">\n<h2 class=\"fw-bold\">\u00c7in\u2019de Ya\u015fam Masraflar\u0131<\/h2>\n<p>\u00c7in hala geli\u015fmekte olan bir \u00fclke ve n\u00fcfusunun \u00e7o\u011funlu\u011fu d\u00fc\u015f\u00fck ya\u015fam standartlar\u0131nda ya\u015f\u0131yor. \u00c7in\u2019de Ya\u015fam Masraflar\u0131n\u0131 anlamak i\u00e7in bunu g\u00f6z \u00f6n\u00fcnde bulundurmak gerek. 2012\u2019deki ya\u015fam masraf\u0131 anketi ara\u015ft\u0131rmalar\u0131na g\u00f6re \u00c7in\u2019in \u015eangay ve Pekin gibi b\u00fcy\u00fck \u015fehirlerinde ya\u015fam masraflar\u0131 di\u011fer y\u0131llara g\u00f6re g\u00f6zle g\u00f6r\u00fcl\u00fcr bi\u00e7imde artm\u0131\u015ft\u0131r. \u00c7in\u2019de Konu\u015fulan Diller :\u00c7in\u2019de birden fazla t\u00fcrde \u00c7ince farkl\u0131 b\u00f6lgelerde konu\u015fulur. Bunlardan en \u00e7ok konu\u015fulan t\u00fcr\u00fc Mandarin, N\u00fcfusun y\u00fczde yetmi\u015fi taraf\u0131ndan kullan\u0131l\u0131r. Bu dil \u00e7e\u015fitlili\u011fi g\u00f6z \u00f6n\u00fcne al\u0131n\u0131rsa \u0130ngilizce dilinin ortak i\u015f dili i\u00e7in \u00f6neminin artt\u0131\u011f\u0131 g\u00f6r\u00fcl\u00fcr. Bu y\u00fczden planlar\u0131n\u0131z\u0131 yapmaya ba\u015flamadan \u00f6nce yabanc\u0131 dil \u00f6\u011frenmeye ba\u015flaman\u0131z sizin i\u00e7in iyi bir se\u00e7im olur.<\/p>\n<\/div>\n<\/div>\n<div class=\"row  my-3\">\n<div class=\"col-sm-12\">\n<h1>\u00c7in\u2019de \u0130\u015f Bulma<\/h1>\n<p>\u00c7in\u2019de g\u00f6\u00e7menler i\u00e7in olan i\u015f imkanlar\u0131 son y\u0131larda \u00f6nemli \u00f6l\u00e7\u00fcde de\u011fi\u015fti. D\u00fcnyan\u0131n bir\u00e7ok yerinden \u00c7in\u2019e gelen g\u00f6\u00e7menler daha \u00e7ok \u0130ngilizce \u00f6\u011fretmeni olarak \u00c7in\u2019de \u00e7al\u0131\u015fmakta. Ve \u00fclke genelinde \u0130ngilizceyi bilenler i\u00e7in \u00c7in\u2019de \u0130\u015f Bulma imkanlar\u0131n\u0131n di\u011ferlerine g\u00f6re daha fazla oldu\u011funu s\u00f6yleyebiliriz. Yabanc\u0131 g\u00f6\u00e7menler i\u00e7in i\u015f imkanlar\u0131 giderek yayg\u0131nla\u015f\u0131yor ve deneyimli muhasebeciler, finansal analistler ve y\u00f6neticiler i\u00e7in y\u00fcksek talepler oldu\u011funu s\u00f6yleyebiliriz. Teknik, finansal veya uluslararas\u0131 pazarlama becerileri konusunda beceri ve deneyime sahip olan g\u00f6\u00e7menler, bu \u00fclke i\u00e7inde uygun i\u015f bulma \u015fanslar\u0131 daha fazlad\u0131r. \u0130\u015f arama ser\u00fcveninizde \u0130ngilizce dili ile beraber \u00c7ince de \u00e7ok \u00f6nemli. Baz\u0131 ba\u015fvurularda \u00c7incenin gerek ko\u015ful tutuldu\u011funu da belirtmek isteriz. \u0130\u015f ba\u015fvurular\u0131n\u0131z\u0131 online i\u015f arama platformlar\u0131ndan veya kariyer sitelerinden yapman\u0131z, i\u015f arama s\u00fcrecini daha da kolayla\u015ft\u0131r\u0131r. \u00c7in\u2019de \u0130klim: \u00c7in, geni\u015f topraklar\u0131 nedeniyle \u00e7e\u015fitli bir iklime sahiptir. Kuzey\u2019de yazlar \u00e7ok k\u0131sa ve hava \u00e7ok so\u011fuktur. \u00c7in\u2019in g\u00fcneyinde ise kuzeyin aksine k\u0131\u015flar k\u0131sa ve daha \u0131l\u0131man bir iklim hakimdir. \u00c7in\u2019in de\u011fi\u015fik b\u00f6lgelerindeki iklim durumunu internetteki hava durumu sitelerinden \u00f6\u011frenebilirsiniz<\/p>\n<\/div>\n<\/div>\n","protected":false},"excerpt":{"rendered":"<p>\u00c7in\u2019e Ta\u015f\u0131nma S\u00fcresi \u00c7in\u2019e Ta\u015f\u0131nma S\u00fcresini sizin i\u00e7in uzman personelimiz \u00f6ng\u00f6r\u00fcyor. \u00c7in\u2019e Ta\u015f\u0131nma S\u00fcresini merak ediyorsan\u0131z +90 444 61 85 numaral\u0131 hizmet hatt\u0131m\u0131z\u0131 arayarak ya da info@internakiyat.com.tr adresine mail atarak \u00f6\u011frenebilirsiniz. \u00c7in\u2019e Ta\u015f\u0131nmak \u00c7in d\u00fcnyan\u0131n en kalabal\u0131k n\u00fcfusuyla d\u00fcnyan\u0131n yeni s\u00fcper g\u00fcc\u00fc olmaya aday bir \u00fclkedir. Devasa metropolleri, g\u00f6kdelenleri, yollar\u0131yla ve k\u00f6kl\u00fc tarihiyle her y\u0131l [&hellip;]<\/p>\n","protected":false},"author":1,"featured_media":0,"parent":0,"menu_order":0,"comment_status":"closed","ping_status":"closed","template":"","meta":{"footnotes":""},"class_list":["post-6747","page","type-page","status-publish","hentry"],"_links":{"self":[{"href":"https:\/\/interlojistik.com.tr\/en\/wp-json\/wp\/v2\/pages\/6747","targetHints":{"allow":["GET"]}}],"collection":[{"href":"https:\/\/interlojistik.com.tr\/en\/wp-json\/wp\/v2\/pages"}],"about":[{"href":"https:\/\/interlojistik.com.tr\/en\/wp-json\/wp\/v2\/types\/page"}],"author":[{"embeddable":true,"href":"https:\/\/interlojistik.com.tr\/en\/wp-json\/wp\/v2\/users\/1"}],"replies":[{"embeddable":true,"href":"https:\/\/interlojistik.com.tr\/en\/wp-json\/wp\/v2\/comments?post=6747"}],"version-history":[{"count":1,"href":"https:\/\/interlojistik.com.tr\/en\/wp-json\/wp\/v2\/pages\/6747\/revisions"}],"predecessor-version":[{"id":6748,"href":"https:\/\/interlojistik.com.tr\/en\/wp-json\/wp\/v2\/pages\/6747\/revisions\/6748"}],"wp:attachment":[{"href":"https:\/\/interlojistik.com.tr\/en\/wp-json\/wp\/v2\/media?parent=6747"}],"curies":[{"name":"wp","href":"https:\/\/api.w.org\/{rel}","templated":true}]}}